
{"id":12054,"date":"2024-11-04T13:12:30","date_gmt":"2024-11-04T18:12:30","guid":{"rendered":"https:\/\/honoremercier.emsb.qc.ca\/?page_id=12054"},"modified":"2025-11-05T15:38:40","modified_gmt":"2025-11-05T20:38:40","slug":"calendars","status":"publish","type":"page","link":"https:\/\/honoremercier.emsb.qc.ca\/fr\/calendars\/","title":{"rendered":"\u00e9v\u00e9nement"},"content":{"rendered":"<div data-elementor-type=\"wp-page\" data-elementor-id=\"12054\" class=\"elementor elementor-12054\" data-elementor-post-type=\"page\">\n\t\t\t\t\t\t<section class=\"elementor-section elementor-top-section elementor-element elementor-element-3195d8b6 elementor-section-full_width elementor-section-height-default elementor-section-height-default\" data-id=\"3195d8b6\" data-element_type=\"section\" data-e-type=\"section\" data-settings=\"{&quot;jet_parallax_layout_list&quot;:[]}\">\n\t\t\t\t\t\t<div class=\"elementor-container elementor-column-gap-default\">\n\t\t\t\t\t<div class=\"elementor-column elementor-col-100 elementor-top-column elementor-element elementor-element-2a06b17a\" data-id=\"2a06b17a\" data-element_type=\"column\" data-e-type=\"column\">\n\t\t\t<div class=\"elementor-widget-wrap elementor-element-populated\">\n\t\t\t\t\t\t<div class=\"elementor-element elementor-element-6c884ea0 elementor-widget elementor-widget-image\" data-id=\"6c884ea0\" data-element_type=\"widget\" data-e-type=\"widget\" data-widget_type=\"image.default\">\n\t\t\t\t<div class=\"elementor-widget-container\">\n\t\t\t\t\t\t\t\t\t\t\t\t\t\t\t<img decoding=\"async\" src=\"https:\/\/honoremercier.emsb.qc.ca\/wp-content\/uploads\/sites\/7\/elementor\/thumbs\/holding-a-maple-leaf-qw1bvr5bpnamnhiwwydewotglu26ncg731nmjshz20.png\" title=\"tenant une feuille d&#039;\u00e9rable\" alt=\"holding a maple leaf\" loading=\"lazy\" \/>\t\t\t\t\t\t\t\t\t\t\t\t\t\t\t<\/div>\n\t\t\t\t<\/div>\n\t\t\t\t\t<\/div>\n\t\t<\/div>\n\t\t\t\t\t<\/div>\n\t\t<\/section>\n\t\t\t\t<section class=\"elementor-section elementor-top-section elementor-element elementor-element-11d4aed elementor-section-boxed elementor-section-height-default elementor-section-height-default\" data-id=\"11d4aed\" data-element_type=\"section\" data-e-type=\"section\" data-settings=\"{&quot;jet_parallax_layout_list&quot;:[]}\">\n\t\t\t\t\t\t<div class=\"elementor-container elementor-column-gap-default\">\n\t\t\t\t\t<div class=\"elementor-column elementor-col-100 elementor-top-column elementor-element elementor-element-b93f0d0\" data-id=\"b93f0d0\" data-element_type=\"column\" data-e-type=\"column\">\n\t\t\t<div class=\"elementor-widget-wrap elementor-element-populated\">\n\t\t\t\t\t\t<div class=\"elementor-element elementor-element-882a37e elementor-widget elementor-widget-spacer\" data-id=\"882a37e\" data-element_type=\"widget\" data-e-type=\"widget\" data-widget_type=\"spacer.default\">\n\t\t\t\t<div class=\"elementor-widget-container\">\n\t\t\t\t\t\t\t<div class=\"elementor-spacer\">\n\t\t\t<div class=\"elementor-spacer-inner\"><\/div>\n\t\t<\/div>\n\t\t\t\t\t\t<\/div>\n\t\t\t\t<\/div>\n\t\t\t\t\t<\/div>\n\t\t<\/div>\n\t\t\t\t\t<\/div>\n\t\t<\/section>\n\t\t\t\t<section class=\"elementor-section elementor-top-section elementor-element elementor-element-2293ab47 elementor-section-boxed elementor-section-height-default elementor-section-height-default\" data-id=\"2293ab47\" data-element_type=\"section\" data-e-type=\"section\" data-settings=\"{&quot;jet_parallax_layout_list&quot;:[]}\">\n\t\t\t\t\t\t<div class=\"elementor-container elementor-column-gap-no\">\n\t\t\t\t\t<div class=\"elementor-column elementor-col-100 elementor-top-column elementor-element elementor-element-1cee71d8\" data-id=\"1cee71d8\" data-element_type=\"column\" data-e-type=\"column\">\n\t\t\t<div class=\"elementor-widget-wrap elementor-element-populated\">\n\t\t\t\t\t\t<div class=\"elementor-element elementor-element-1c08fca elementor-widget__width-auto elementor-widget elementor-widget-heading\" data-id=\"1c08fca\" data-element_type=\"widget\" data-e-type=\"widget\" data-widget_type=\"heading.default\">\n\t\t\t\t<div class=\"elementor-widget-container\">\n\t\t\t\t\t<h2 class=\"elementor-heading-title elementor-size-default\">HONOR\u00c9 MERCIER<\/h2>\t\t\t\t<\/div>\n\t\t\t\t<\/div>\n\t\t\t\t<div class=\"elementor-element elementor-element-69f05a2d elementor-widget__width-initial elementor-widget elementor-widget-heading\" data-id=\"69f05a2d\" data-element_type=\"widget\" data-e-type=\"widget\" data-widget_type=\"heading.default\">\n\t\t\t\t<div class=\"elementor-widget-container\">\n\t\t\t\t\t<h2 class=\"elementor-heading-title elementor-size-default\">CALENDRIERS<\/h2>\t\t\t\t<\/div>\n\t\t\t\t<\/div>\n\t\t\t\t\t<\/div>\n\t\t<\/div>\n\t\t\t\t\t<\/div>\n\t\t<\/section>\n\t\t\t\t<section class=\"elementor-section elementor-top-section elementor-element elementor-element-171354d elementor-section-boxed elementor-section-height-default elementor-section-height-default\" data-id=\"171354d\" data-element_type=\"section\" data-e-type=\"section\" data-settings=\"{&quot;jet_parallax_layout_list&quot;:[]}\">\n\t\t\t\t\t\t<div class=\"elementor-container elementor-column-gap-default\">\n\t\t\t\t\t<div class=\"elementor-column elementor-col-100 elementor-top-column elementor-element elementor-element-ad64d88\" data-id=\"ad64d88\" data-element_type=\"column\" data-e-type=\"column\">\n\t\t\t<div class=\"elementor-widget-wrap elementor-element-populated\">\n\t\t\t\t\t\t<div class=\"elementor-element elementor-element-62bfe78 elementor-widget elementor-widget-text-editor\" data-id=\"62bfe78\" data-element_type=\"widget\" data-e-type=\"widget\" data-widget_type=\"text-editor.default\">\n\t\t\t\t<div class=\"elementor-widget-container\">\n\t\t\t\t\t\t\t\t\t<p>Restez inform\u00e9 et connect\u00e9 avec les derni\u00e8res mises \u00e0 jour de notre \u00e9cole ! Nos calendriers fournissent des renseignements importants sur les \u00e9v\u00e9nements \u00e0 venir, les r\u00e9alisations des \u00e9l\u00e8ves, les points saillants de l'enseignement et les activit\u00e9s communautaires. Que vous soyez un \u00e9l\u00e8ve, un parent ou un membre du corps enseignant, notre bulletin d'information vous tient au courant de ce qui se passe \u00e0 Honor\u00e9 Mercier. Consultez-le r\u00e9guli\u00e8rement pour vous tenir au courant de toutes les nouvelles et rester engag\u00e9 dans notre communaut\u00e9 scolaire dynamique !<\/p>\t\t\t\t\t\t\t\t<\/div>\n\t\t\t\t<\/div>\n\t\t\t\t<div class=\"elementor-element elementor-element-135b027 elementor-widget__width-auto elementor-widget elementor-widget-heading\" data-id=\"135b027\" data-element_type=\"widget\" data-e-type=\"widget\" data-widget_type=\"heading.default\">\n\t\t\t\t<div class=\"elementor-widget-container\">\n\t\t\t\t\t<h2 class=\"elementor-heading-title elementor-size-default\">Dernier calendrier mensuel de l'\u00e9cole <\/h2>\t\t\t\t<\/div>\n\t\t\t\t<\/div>\n\t\t\t\t\t<\/div>\n\t\t<\/div>\n\t\t\t\t\t<\/div>\n\t\t<\/section>\n\t\t\t\t<section class=\"elementor-section elementor-top-section elementor-element elementor-element-3574647 elementor-section-boxed elementor-section-height-default elementor-section-height-default\" data-id=\"3574647\" data-element_type=\"section\" data-e-type=\"section\" data-settings=\"{&quot;jet_parallax_layout_list&quot;:[]}\">\n\t\t\t\t\t\t<div class=\"elementor-container elementor-column-gap-default\">\n\t\t\t\t\t<div class=\"elementor-column elementor-col-100 elementor-top-column elementor-element elementor-element-0225a9a\" data-id=\"0225a9a\" data-element_type=\"column\" data-e-type=\"column\">\n\t\t\t<div class=\"elementor-widget-wrap elementor-element-populated\">\n\t\t\t\t\t\t<div class=\"elementor-element elementor-element-434b8ae elementor-align-center elementor-widget__width-initial elementor-widget elementor-widget-button\" data-id=\"434b8ae\" data-element_type=\"widget\" data-e-type=\"widget\" data-widget_type=\"button.default\">\n\t\t\t\t<div class=\"elementor-widget-container\">\n\t\t\t\t\t\t\t\t\t<div class=\"elementor-button-wrapper\">\n\t\t\t\t\t<a class=\"elementor-button elementor-button-link elementor-size-sm\" href=\"https:\/\/honoremercier.emsb.qc.ca\/wp-content\/uploads\/sites\/7\/2025\/11\/November-Calendar.pdf\" target=\"_blank\">\n\t\t\t\t\t\t<span class=\"elementor-button-content-wrapper\">\n\t\t\t\t\t\t\t\t\t<span class=\"elementor-button-text\">Calendrier mensuel de l'\u00e9cole - novembre 2025 (PDF)<\/span>\n\t\t\t\t\t<\/span>\n\t\t\t\t\t<\/a>\n\t\t\t\t<\/div>\n\t\t\t\t\t\t\t\t<\/div>\n\t\t\t\t<\/div>\n\t\t\t\t<div class=\"elementor-element elementor-element-d4a43d8 elementor-align-center elementor-widget__width-initial elementor-widget elementor-widget-button\" data-id=\"d4a43d8\" data-element_type=\"widget\" data-e-type=\"widget\" data-widget_type=\"button.default\">\n\t\t\t\t<div class=\"elementor-widget-container\">\n\t\t\t\t\t\t\t\t\t<div class=\"elementor-button-wrapper\">\n\t\t\t\t\t<a class=\"elementor-button elementor-button-link elementor-size-sm\" href=\"https:\/\/honoremercier.emsb.qc.ca\/wp-content\/uploads\/sites\/7\/2025\/10\/Monthly-Calendar-October-2025-final.pdf\" target=\"_blank\">\n\t\t\t\t\t\t<span class=\"elementor-button-content-wrapper\">\n\t\t\t\t\t\t\t\t\t<span class=\"elementor-button-text\">Calendrier mensuel de l'\u00e9cole - octobre 2025 (PDF)<\/span>\n\t\t\t\t\t<\/span>\n\t\t\t\t\t<\/a>\n\t\t\t\t<\/div>\n\t\t\t\t\t\t\t\t<\/div>\n\t\t\t\t<\/div>\n\t\t\t\t<div class=\"elementor-element elementor-element-e61b56e elementor-align-center elementor-widget__width-initial elementor-widget elementor-widget-button\" data-id=\"e61b56e\" data-element_type=\"widget\" data-e-type=\"widget\" data-widget_type=\"button.default\">\n\t\t\t\t<div class=\"elementor-widget-container\">\n\t\t\t\t\t\t\t\t\t<div class=\"elementor-button-wrapper\">\n\t\t\t\t\t<a class=\"elementor-button elementor-button-link elementor-size-sm\" href=\"https:\/\/honoremercier.emsb.qc.ca\/wp-content\/uploads\/sites\/7\/2025\/08\/September-2025-Monthly-Calendar-.pdf\" target=\"_blank\">\n\t\t\t\t\t\t<span class=\"elementor-button-content-wrapper\">\n\t\t\t\t\t\t\t\t\t<span class=\"elementor-button-text\">Calendrier mensuel de l'\u00e9cole - septembre 2025 (PDF)<\/span>\n\t\t\t\t\t<\/span>\n\t\t\t\t\t<\/a>\n\t\t\t\t<\/div>\n\t\t\t\t\t\t\t\t<\/div>\n\t\t\t\t<\/div>\n\t\t\t\t\t<\/div>\n\t\t<\/div>\n\t\t\t\t\t<\/div>\n\t\t<\/section>\n\t\t\t\t<\/div>","protected":false},"excerpt":{"rendered":"<p>HONOR\u00c9 MERCIER CALENDARS Stay informed and connected with the latest updates from our school! Our calendars provide important information on upcoming events, student achievements, academic highlights, and community activities. Whether you\u2019re a student, parent, or faculty member, our newsletter keeps you in the loop with what\u2019s happening at Honor\u00e9 Mercier. Check back regularly to catch [&hellip;]<\/p>\n","protected":false},"author":8,"featured_media":0,"parent":0,"menu_order":0,"comment_status":"closed","ping_status":"closed","template":"","meta":{"site-sidebar-layout":"no-sidebar","site-content-layout":"page-builder","ast-site-content-layout":"full-width-container","site-content-style":"unboxed","site-sidebar-style":"unboxed","ast-global-header-display":"","ast-banner-title-visibility":"","ast-main-header-display":"","ast-hfb-above-header-display":"","ast-hfb-below-header-display":"","ast-hfb-mobile-header-display":"","site-post-title":"disabled","ast-breadcrumbs-content":"","ast-featured-img":"disabled","footer-sml-layout":"","ast-disable-related-posts":"","theme-transparent-header-meta":"default","adv-header-id-meta":"","stick-header-meta":"","header-above-stick-meta":"","header-main-stick-meta":"","header-below-stick-meta":"","astra-migrate-meta-layouts":"set","ast-page-background-enabled":"default","ast-page-background-meta":{"desktop":{"background-color":"var(--ast-global-color-4)","background-image":"","background-repeat":"repeat","background-position":"center center","background-size":"auto","background-attachment":"scroll","background-type":"","background-media":"","overlay-type":"","overlay-color":"","overlay-opacity":"","overlay-gradient":""},"tablet":{"background-color":"","background-image":"","background-repeat":"repeat","background-position":"center center","background-size":"auto","background-attachment":"scroll","background-type":"","background-media":"","overlay-type":"","overlay-color":"","overlay-opacity":"","overlay-gradient":""},"mobile":{"background-color":"","background-image":"","background-repeat":"repeat","background-position":"center center","background-size":"auto","background-attachment":"scroll","background-type":"","background-media":"","overlay-type":"","overlay-color":"","overlay-opacity":"","overlay-gradient":""}},"ast-content-background-meta":{"desktop":{"background-color":"var(--ast-global-color-5)","background-image":"","background-repeat":"repeat","background-position":"center center","background-size":"auto","background-attachment":"scroll","background-type":"","background-media":"","overlay-type":"","overlay-color":"","overlay-opacity":"","overlay-gradient":""},"tablet":{"background-color":"var(--ast-global-color-5)","background-image":"","background-repeat":"repeat","background-position":"center center","background-size":"auto","background-attachment":"scroll","background-type":"","background-media":"","overlay-type":"","overlay-color":"","overlay-opacity":"","overlay-gradient":""},"mobile":{"background-color":"var(--ast-global-color-5)","background-image":"","background-repeat":"repeat","background-position":"center center","background-size":"auto","background-attachment":"scroll","background-type":"","background-media":"","overlay-type":"","overlay-color":"","overlay-opacity":"","overlay-gradient":""}},"footnotes":""},"class_list":["post-12054","page","type-page","status-publish","hentry"],"yoast_head":"<!-- This site is optimized with the Yoast SEO plugin v27.3 - https:\/\/yoast.com\/product\/yoast-seo-wordpress\/ -->\n<title>event - Honor\u00e9 Mercier School<\/title>\n<meta name=\"robots\" content=\"index, follow, max-snippet:-1, max-image-preview:large, max-video-preview:-1\" \/>\n<link rel=\"canonical\" href=\"https:\/\/honoremercier.emsb.qc.ca\/fr\/calendars\/\" \/>\n<meta property=\"og:locale\" content=\"fr_FR\" \/>\n<meta property=\"og:type\" content=\"article\" \/>\n<meta property=\"og:title\" content=\"event - Honor\u00e9 Mercier School\" \/>\n<meta property=\"og:description\" content=\"HONOR\u00c9 MERCIER CALENDARS Stay informed and connected with the latest updates from our school! Our calendars provide important information on upcoming events, student achievements, academic highlights, and community activities. Whether you\u2019re a student, parent, or faculty member, our newsletter keeps you in the loop with what\u2019s happening at Honor\u00e9 Mercier. Check back regularly to catch [&hellip;]\" \/>\n<meta property=\"og:url\" content=\"https:\/\/honoremercier.emsb.qc.ca\/fr\/calendars\/\" \/>\n<meta property=\"og:site_name\" content=\"Honor\u00e9 Mercier School\" \/>\n<meta property=\"article:modified_time\" content=\"2025-11-05T20:38:40+00:00\" \/>\n<meta property=\"og:image\" content=\"https:\/\/honoremercier.emsb.qc.ca\/wp-content\/uploads\/sites\/7\/elementor\/thumbs\/holding-a-maple-leaf-qw1bvr5bpnamnhiwwydewotglu26ncg731nmjshz20.png\" \/>\n<meta name=\"twitter:card\" content=\"summary_large_image\" \/>\n<meta name=\"twitter:label1\" content=\"Dur\u00e9e de lecture estim\u00e9e\" \/>\n\t<meta name=\"twitter:data1\" content=\"1 minute\" \/>\n<script type=\"application\/ld+json\" class=\"yoast-schema-graph\">{\"@context\":\"https:\\\/\\\/schema.org\",\"@graph\":[{\"@type\":\"WebPage\",\"@id\":\"https:\\\/\\\/honoremercier.emsb.qc.ca\\\/calendars\\\/\",\"url\":\"https:\\\/\\\/honoremercier.emsb.qc.ca\\\/calendars\\\/\",\"name\":\"event - Honor\u00e9 Mercier School\",\"isPartOf\":{\"@id\":\"https:\\\/\\\/honoremercier.emsb.qc.ca\\\/#website\"},\"primaryImageOfPage\":{\"@id\":\"https:\\\/\\\/honoremercier.emsb.qc.ca\\\/calendars\\\/#primaryimage\"},\"image\":{\"@id\":\"https:\\\/\\\/honoremercier.emsb.qc.ca\\\/calendars\\\/#primaryimage\"},\"thumbnailUrl\":\"https:\\\/\\\/honoremercier.emsb.qc.ca\\\/wp-content\\\/uploads\\\/sites\\\/7\\\/elementor\\\/thumbs\\\/holding-a-maple-leaf-qw1bvr5bpnamnhiwwydewotglu26ncg731nmjshz20.png\",\"datePublished\":\"2024-11-04T18:12:30+00:00\",\"dateModified\":\"2025-11-05T20:38:40+00:00\",\"breadcrumb\":{\"@id\":\"https:\\\/\\\/honoremercier.emsb.qc.ca\\\/calendars\\\/#breadcrumb\"},\"inLanguage\":\"fr-FR\",\"potentialAction\":[{\"@type\":\"ReadAction\",\"target\":[\"https:\\\/\\\/honoremercier.emsb.qc.ca\\\/calendars\\\/\"]}]},{\"@type\":\"ImageObject\",\"inLanguage\":\"fr-FR\",\"@id\":\"https:\\\/\\\/honoremercier.emsb.qc.ca\\\/calendars\\\/#primaryimage\",\"url\":\"https:\\\/\\\/honoremercier.emsb.qc.ca\\\/wp-content\\\/uploads\\\/sites\\\/7\\\/elementor\\\/thumbs\\\/holding-a-maple-leaf-qw1bvr5bpnamnhiwwydewotglu26ncg731nmjshz20.png\",\"contentUrl\":\"https:\\\/\\\/honoremercier.emsb.qc.ca\\\/wp-content\\\/uploads\\\/sites\\\/7\\\/elementor\\\/thumbs\\\/holding-a-maple-leaf-qw1bvr5bpnamnhiwwydewotglu26ncg731nmjshz20.png\"},{\"@type\":\"BreadcrumbList\",\"@id\":\"https:\\\/\\\/honoremercier.emsb.qc.ca\\\/calendars\\\/#breadcrumb\",\"itemListElement\":[{\"@type\":\"ListItem\",\"position\":1,\"name\":\"Home\",\"item\":\"https:\\\/\\\/honoremercier.emsb.qc.ca\\\/\"},{\"@type\":\"ListItem\",\"position\":2,\"name\":\"event\"}]},{\"@type\":\"WebSite\",\"@id\":\"https:\\\/\\\/honoremercier.emsb.qc.ca\\\/#website\",\"url\":\"https:\\\/\\\/honoremercier.emsb.qc.ca\\\/\",\"name\":\"Honor\u00e9 Mercier School\",\"description\":\"Honor\u00e9 Mercier School\",\"publisher\":{\"@id\":\"https:\\\/\\\/honoremercier.emsb.qc.ca\\\/#organization\"},\"potentialAction\":[{\"@type\":\"SearchAction\",\"target\":{\"@type\":\"EntryPoint\",\"urlTemplate\":\"https:\\\/\\\/honoremercier.emsb.qc.ca\\\/?s={search_term_string}\"},\"query-input\":{\"@type\":\"PropertyValueSpecification\",\"valueRequired\":true,\"valueName\":\"search_term_string\"}}],\"inLanguage\":\"fr-FR\"},{\"@type\":\"Organization\",\"@id\":\"https:\\\/\\\/honoremercier.emsb.qc.ca\\\/#organization\",\"name\":\"Honor\u00e9 Mercier School\",\"url\":\"https:\\\/\\\/honoremercier.emsb.qc.ca\\\/\",\"logo\":{\"@type\":\"ImageObject\",\"inLanguage\":\"fr-FR\",\"@id\":\"https:\\\/\\\/honoremercier.emsb.qc.ca\\\/#\\\/schema\\\/logo\\\/image\\\/\",\"url\":\"https:\\\/\\\/honoremercier.emsb.qc.ca\\\/wp-content\\\/uploads\\\/sites\\\/7\\\/2024\\\/07\\\/Honore-Mercier-crest.png\",\"contentUrl\":\"https:\\\/\\\/honoremercier.emsb.qc.ca\\\/wp-content\\\/uploads\\\/sites\\\/7\\\/2024\\\/07\\\/Honore-Mercier-crest.png\",\"width\":1000,\"height\":909,\"caption\":\"Honor\u00e9 Mercier School\"},\"image\":{\"@id\":\"https:\\\/\\\/honoremercier.emsb.qc.ca\\\/#\\\/schema\\\/logo\\\/image\\\/\"}}]}<\/script>\n<!-- \/ Yoast SEO plugin. -->","yoast_head_json":{"title":"event - Honor\u00e9 Mercier School","robots":{"index":"index","follow":"follow","max-snippet":"max-snippet:-1","max-image-preview":"max-image-preview:large","max-video-preview":"max-video-preview:-1"},"canonical":"https:\/\/honoremercier.emsb.qc.ca\/fr\/calendars\/","og_locale":"fr_FR","og_type":"article","og_title":"event - Honor\u00e9 Mercier School","og_description":"HONOR\u00c9 MERCIER CALENDARS Stay informed and connected with the latest updates from our school! Our calendars provide important information on upcoming events, student achievements, academic highlights, and community activities. Whether you\u2019re a student, parent, or faculty member, our newsletter keeps you in the loop with what\u2019s happening at Honor\u00e9 Mercier. Check back regularly to catch [&hellip;]","og_url":"https:\/\/honoremercier.emsb.qc.ca\/fr\/calendars\/","og_site_name":"Honor\u00e9 Mercier School","article_modified_time":"2025-11-05T20:38:40+00:00","og_image":[{"url":"https:\/\/honoremercier.emsb.qc.ca\/wp-content\/uploads\/sites\/7\/elementor\/thumbs\/holding-a-maple-leaf-qw1bvr5bpnamnhiwwydewotglu26ncg731nmjshz20.png","type":"","width":"","height":""}],"twitter_card":"summary_large_image","twitter_misc":{"Dur\u00e9e de lecture estim\u00e9e":"1 minute"},"schema":{"@context":"https:\/\/schema.org","@graph":[{"@type":"WebPage","@id":"https:\/\/honoremercier.emsb.qc.ca\/calendars\/","url":"https:\/\/honoremercier.emsb.qc.ca\/calendars\/","name":"event - Honor\u00e9 Mercier School","isPartOf":{"@id":"https:\/\/honoremercier.emsb.qc.ca\/#website"},"primaryImageOfPage":{"@id":"https:\/\/honoremercier.emsb.qc.ca\/calendars\/#primaryimage"},"image":{"@id":"https:\/\/honoremercier.emsb.qc.ca\/calendars\/#primaryimage"},"thumbnailUrl":"https:\/\/honoremercier.emsb.qc.ca\/wp-content\/uploads\/sites\/7\/elementor\/thumbs\/holding-a-maple-leaf-qw1bvr5bpnamnhiwwydewotglu26ncg731nmjshz20.png","datePublished":"2024-11-04T18:12:30+00:00","dateModified":"2025-11-05T20:38:40+00:00","breadcrumb":{"@id":"https:\/\/honoremercier.emsb.qc.ca\/calendars\/#breadcrumb"},"inLanguage":"fr-FR","potentialAction":[{"@type":"ReadAction","target":["https:\/\/honoremercier.emsb.qc.ca\/calendars\/"]}]},{"@type":"ImageObject","inLanguage":"fr-FR","@id":"https:\/\/honoremercier.emsb.qc.ca\/calendars\/#primaryimage","url":"https:\/\/honoremercier.emsb.qc.ca\/wp-content\/uploads\/sites\/7\/elementor\/thumbs\/holding-a-maple-leaf-qw1bvr5bpnamnhiwwydewotglu26ncg731nmjshz20.png","contentUrl":"https:\/\/honoremercier.emsb.qc.ca\/wp-content\/uploads\/sites\/7\/elementor\/thumbs\/holding-a-maple-leaf-qw1bvr5bpnamnhiwwydewotglu26ncg731nmjshz20.png"},{"@type":"BreadcrumbList","@id":"https:\/\/honoremercier.emsb.qc.ca\/calendars\/#breadcrumb","itemListElement":[{"@type":"ListItem","position":1,"name":"Home","item":"https:\/\/honoremercier.emsb.qc.ca\/"},{"@type":"ListItem","position":2,"name":"event"}]},{"@type":"WebSite","@id":"https:\/\/honoremercier.emsb.qc.ca\/#website","url":"https:\/\/honoremercier.emsb.qc.ca\/","name":"\u00c9cole Honor\u00e9 Mercier","description":"\u00c9cole Honor\u00e9 Mercier","publisher":{"@id":"https:\/\/honoremercier.emsb.qc.ca\/#organization"},"potentialAction":[{"@type":"SearchAction","target":{"@type":"EntryPoint","urlTemplate":"https:\/\/honoremercier.emsb.qc.ca\/?s={search_term_string}"},"query-input":{"@type":"PropertyValueSpecification","valueRequired":true,"valueName":"search_term_string"}}],"inLanguage":"fr-FR"},{"@type":"Organization","@id":"https:\/\/honoremercier.emsb.qc.ca\/#organization","name":"\u00c9cole Honor\u00e9 Mercier","url":"https:\/\/honoremercier.emsb.qc.ca\/","logo":{"@type":"ImageObject","inLanguage":"fr-FR","@id":"https:\/\/honoremercier.emsb.qc.ca\/#\/schema\/logo\/image\/","url":"https:\/\/honoremercier.emsb.qc.ca\/wp-content\/uploads\/sites\/7\/2024\/07\/Honore-Mercier-crest.png","contentUrl":"https:\/\/honoremercier.emsb.qc.ca\/wp-content\/uploads\/sites\/7\/2024\/07\/Honore-Mercier-crest.png","width":1000,"height":909,"caption":"Honor\u00e9 Mercier School"},"image":{"@id":"https:\/\/honoremercier.emsb.qc.ca\/#\/schema\/logo\/image\/"}}]}},"_links":{"self":[{"href":"https:\/\/honoremercier.emsb.qc.ca\/fr\/wp-json\/wp\/v2\/pages\/12054","targetHints":{"allow":["GET"]}}],"collection":[{"href":"https:\/\/honoremercier.emsb.qc.ca\/fr\/wp-json\/wp\/v2\/pages"}],"about":[{"href":"https:\/\/honoremercier.emsb.qc.ca\/fr\/wp-json\/wp\/v2\/types\/page"}],"author":[{"embeddable":true,"href":"https:\/\/honoremercier.emsb.qc.ca\/fr\/wp-json\/wp\/v2\/users\/8"}],"replies":[{"embeddable":true,"href":"https:\/\/honoremercier.emsb.qc.ca\/fr\/wp-json\/wp\/v2\/comments?post=12054"}],"version-history":[{"count":44,"href":"https:\/\/honoremercier.emsb.qc.ca\/fr\/wp-json\/wp\/v2\/pages\/12054\/revisions"}],"predecessor-version":[{"id":12776,"href":"https:\/\/honoremercier.emsb.qc.ca\/fr\/wp-json\/wp\/v2\/pages\/12054\/revisions\/12776"}],"wp:attachment":[{"href":"https:\/\/honoremercier.emsb.qc.ca\/fr\/wp-json\/wp\/v2\/media?parent=12054"}],"curies":[{"name":"wp","href":"https:\/\/api.w.org\/{rel}","templated":true}]}}