
{"id":11633,"date":"2024-09-09T14:54:06","date_gmt":"2024-09-09T18:54:06","guid":{"rendered":"https:\/\/honoremercier.emsbstaging.com\/?page_id=11633"},"modified":"2024-09-25T12:56:24","modified_gmt":"2024-09-25T16:56:24","slug":"parent-volunteers","status":"publish","type":"page","link":"https:\/\/honoremercier.emsb.qc.ca\/fr\/parent-volunteers\/","title":{"rendered":"Parents b\u00e9n\u00e9voles"},"content":{"rendered":"<div data-elementor-type=\"wp-page\" data-elementor-id=\"11633\" class=\"elementor elementor-11633\" data-elementor-post-type=\"page\">\n\t\t\t\t\t\t<section class=\"elementor-section elementor-top-section elementor-element elementor-element-3195d8b6 elementor-section-full_width elementor-section-height-default elementor-section-height-default\" data-id=\"3195d8b6\" data-element_type=\"section\" data-e-type=\"section\" data-settings=\"{&quot;jet_parallax_layout_list&quot;:[]}\">\n\t\t\t\t\t\t<div class=\"elementor-container elementor-column-gap-default\">\n\t\t\t\t\t<div class=\"elementor-column elementor-col-100 elementor-top-column elementor-element elementor-element-2a06b17a\" data-id=\"2a06b17a\" data-element_type=\"column\" data-e-type=\"column\">\n\t\t\t<div class=\"elementor-widget-wrap elementor-element-populated\">\n\t\t\t\t\t\t<div class=\"elementor-element elementor-element-6c884ea0 elementor-widget elementor-widget-image\" data-id=\"6c884ea0\" data-element_type=\"widget\" data-e-type=\"widget\" data-widget_type=\"image.default\">\n\t\t\t\t<div class=\"elementor-widget-container\">\n\t\t\t\t\t\t\t\t\t\t\t\t\t\t\t<img decoding=\"async\" src=\"https:\/\/honoremercier.emsb.qc.ca\/wp-content\/uploads\/sites\/7\/elementor\/thumbs\/holding-a-maple-leaf-qw1bvr5bpnamnhiwwydewotglu26ncg731nmjshz20.png\" title=\"tenant une feuille d&#039;\u00e9rable\" alt=\"holding a maple leaf\" loading=\"lazy\" \/>\t\t\t\t\t\t\t\t\t\t\t\t\t\t\t<\/div>\n\t\t\t\t<\/div>\n\t\t\t\t\t<\/div>\n\t\t<\/div>\n\t\t\t\t\t<\/div>\n\t\t<\/section>\n\t\t\t\t<section class=\"elementor-section elementor-top-section elementor-element elementor-element-11d4aed elementor-section-boxed elementor-section-height-default elementor-section-height-default\" data-id=\"11d4aed\" data-element_type=\"section\" data-e-type=\"section\" data-settings=\"{&quot;jet_parallax_layout_list&quot;:[]}\">\n\t\t\t\t\t\t<div class=\"elementor-container elementor-column-gap-default\">\n\t\t\t\t\t<div class=\"elementor-column elementor-col-100 elementor-top-column elementor-element elementor-element-b93f0d0\" data-id=\"b93f0d0\" data-element_type=\"column\" data-e-type=\"column\">\n\t\t\t<div class=\"elementor-widget-wrap elementor-element-populated\">\n\t\t\t\t\t\t<div class=\"elementor-element elementor-element-882a37e elementor-widget elementor-widget-spacer\" data-id=\"882a37e\" data-element_type=\"widget\" data-e-type=\"widget\" data-widget_type=\"spacer.default\">\n\t\t\t\t<div class=\"elementor-widget-container\">\n\t\t\t\t\t\t\t<div class=\"elementor-spacer\">\n\t\t\t<div class=\"elementor-spacer-inner\"><\/div>\n\t\t<\/div>\n\t\t\t\t\t\t<\/div>\n\t\t\t\t<\/div>\n\t\t\t\t\t<\/div>\n\t\t<\/div>\n\t\t\t\t\t<\/div>\n\t\t<\/section>\n\t\t\t\t<section class=\"elementor-section elementor-top-section elementor-element elementor-element-2293ab47 elementor-section-boxed elementor-section-height-default elementor-section-height-default\" data-id=\"2293ab47\" data-element_type=\"section\" data-e-type=\"section\" data-settings=\"{&quot;jet_parallax_layout_list&quot;:[]}\">\n\t\t\t\t\t\t<div class=\"elementor-container elementor-column-gap-no\">\n\t\t\t\t\t<div class=\"elementor-column elementor-col-100 elementor-top-column elementor-element elementor-element-1cee71d8\" data-id=\"1cee71d8\" data-element_type=\"column\" data-e-type=\"column\">\n\t\t\t<div class=\"elementor-widget-wrap elementor-element-populated\">\n\t\t\t\t\t\t<div class=\"elementor-element elementor-element-1c08fca elementor-widget__width-auto elementor-widget elementor-widget-heading\" data-id=\"1c08fca\" data-element_type=\"widget\" data-e-type=\"widget\" data-widget_type=\"heading.default\">\n\t\t\t\t<div class=\"elementor-widget-container\">\n\t\t\t\t\t<h2 class=\"elementor-heading-title elementor-size-default\">Parent<\/h2>\t\t\t\t<\/div>\n\t\t\t\t<\/div>\n\t\t\t\t<div class=\"elementor-element elementor-element-69f05a2d elementor-widget__width-initial elementor-widget elementor-widget-heading\" data-id=\"69f05a2d\" data-element_type=\"widget\" data-e-type=\"widget\" data-widget_type=\"heading.default\">\n\t\t\t\t<div class=\"elementor-widget-container\">\n\t\t\t\t\t<h2 class=\"elementor-heading-title elementor-size-default\">B\u00e9n\u00e9voles<\/h2>\t\t\t\t<\/div>\n\t\t\t\t<\/div>\n\t\t\t\t\t<\/div>\n\t\t<\/div>\n\t\t\t\t\t<\/div>\n\t\t<\/section>\n\t\t\t\t<section class=\"elementor-section elementor-top-section elementor-element elementor-element-171354d elementor-section-boxed elementor-section-height-default elementor-section-height-default\" data-id=\"171354d\" data-element_type=\"section\" data-e-type=\"section\" data-settings=\"{&quot;jet_parallax_layout_list&quot;:[]}\">\n\t\t\t\t\t\t<div class=\"elementor-container elementor-column-gap-default\">\n\t\t\t\t\t<div class=\"elementor-column elementor-col-100 elementor-top-column elementor-element elementor-element-ad64d88\" data-id=\"ad64d88\" data-element_type=\"column\" data-e-type=\"column\">\n\t\t\t<div class=\"elementor-widget-wrap elementor-element-populated\">\n\t\t\t\t\t\t<div class=\"elementor-element elementor-element-62bfe78 elementor-widget elementor-widget-text-editor\" data-id=\"62bfe78\" data-element_type=\"widget\" data-e-type=\"widget\" data-widget_type=\"text-editor.default\">\n\t\t\t\t<div class=\"elementor-widget-container\">\n\t\t\t\t\t\t\t\t\t<p>L'implication des parents dans l'\u00e9cole de leur enfant est fortement corr\u00e9l\u00e9e \u00e0 la r\u00e9ussite des \u00e9l\u00e8ves. \u00c0 Honor\u00e9 Mercier, votre pr\u00e9sence est la bienvenue et votre contribution est appr\u00e9ci\u00e9e. Voici quelques-unes des nombreuses fa\u00e7ons dont vous pouvez faire une diff\u00e9rence pour tous les \u00e9l\u00e8ves<\/p>\t\t\t\t\t\t\t\t<\/div>\n\t\t\t\t<\/div>\n\t\t\t\t<div class=\"elementor-element elementor-element-135b027 elementor-widget__width-auto elementor-widget elementor-widget-heading\" data-id=\"135b027\" data-element_type=\"widget\" data-e-type=\"widget\" data-widget_type=\"heading.default\">\n\t\t\t\t<div class=\"elementor-widget-container\">\n\t\t\t\t\t<h2 class=\"elementor-heading-title elementor-size-default\">S'inscrire comme b\u00e9n\u00e9vole @ Honor\u00e9 Mercier<\/h2>\t\t\t\t<\/div>\n\t\t\t\t<\/div>\n\t\t\t\t<div class=\"elementor-element elementor-element-3556463 elementor-widget elementor-widget-text-editor\" data-id=\"3556463\" data-element_type=\"widget\" data-e-type=\"widget\" data-widget_type=\"text-editor.default\">\n\t\t\t\t<div class=\"elementor-widget-container\">\n\t\t\t\t\t\t\t\t\t<p>Si vous n'\u00eates pas en mesure de vous engager r\u00e9guli\u00e8rement dans des groupes tels que le conseil d'\u00e9tablissement ou l'organisme de participation des parents (OPP), il y a toujours d'autres r\u00f4les \u00e0 jouer chez Honor\u00e9 Mercier. Nous avons toujours besoin d'un soutien suppl\u00e9mentaire pour des activit\u00e9s comme :<\/p><ul><li>La remise des dipl\u00f4mes de la maternelle et de la 6e ann\u00e9e<\/li><li>Aide \u00e0 la biblioth\u00e8que de l'\u00e9cole<\/li><li>Collecte de fonds \u00e0 l'\u00e9cole<\/li><\/ul><p>Si vous avez des comp\u00e9tences qui pourraient \u00eatre utiles \u00e0 votre \u00e9cole et que vous souhaitez faire du b\u00e9n\u00e9volat, veuillez nous contacter en envoyant un courriel contenant les informations suivantes :<\/p><ul><li>Votre nom et pr\u00e9nom<\/li><li>Si vous avez un\/des enfant(s) qui fr\u00e9quente(nt) actuellement<\/li><li>Votre num\u00e9ro de t\u00e9l\u00e9phone<\/li><li>Adresse courriel de votre choix<\/li><li>Vos disponibilit\u00e9s (matin, midi, apr\u00e8s-midi, etc.)<\/li><\/ul><p>Veuillez envoyer ces informations \u00e0 Honor\u00e9 Mercier \u00e0 l'adresse \u00e9lectronique suivante : <a href=\"mailto:honoremercier@emsb.qc.ca\">honoremercier@emsb.qc.ca<\/a><\/p><p><em>Remarque : conform\u00e9ment \u00e0 la politique de la CSEM, les b\u00e9n\u00e9voles de l'\u00e9cole Honor\u00e9 Mercier doivent se soumettre \u00e0 une \u00ab v\u00e9rification des ant\u00e9c\u00e9dents judiciaires \u00bb ou \u00e0 un contr\u00f4le de police. Les formulaires sont disponibles au bureau de la direction.<\/em><\/p>\t\t\t\t\t\t\t\t<\/div>\n\t\t\t\t<\/div>\n\t\t\t\t\t<\/div>\n\t\t<\/div>\n\t\t\t\t\t<\/div>\n\t\t<\/section>\n\t\t\t\t<\/div>","protected":false},"excerpt":{"rendered":"<p>Parent Volunteers Parent involvement in their child\u2019s school is highly correlated to student success. At Honor\u00e9 Mercier, your presence is welcome and your contribution is valued. Here are a few of the many ways in which you can make a difference for all students Register as a Volunteer @ Honor\u00e9 Mercier Should you not be [&hellip;]<\/p>\n","protected":false},"author":11,"featured_media":0,"parent":0,"menu_order":0,"comment_status":"closed","ping_status":"closed","template":"","meta":{"site-sidebar-layout":"no-sidebar","site-content-layout":"page-builder","ast-site-content-layout":"full-width-container","site-content-style":"unboxed","site-sidebar-style":"unboxed","ast-global-header-display":"","ast-banner-title-visibility":"","ast-main-header-display":"","ast-hfb-above-header-display":"","ast-hfb-below-header-display":"","ast-hfb-mobile-header-display":"","site-post-title":"disabled","ast-breadcrumbs-content":"","ast-featured-img":"disabled","footer-sml-layout":"","ast-disable-related-posts":"","theme-transparent-header-meta":"default","adv-header-id-meta":"","stick-header-meta":"","header-above-stick-meta":"","header-main-stick-meta":"","header-below-stick-meta":"","astra-migrate-meta-layouts":"set","ast-page-background-enabled":"default","ast-page-background-meta":{"desktop":{"background-color":"var(--ast-global-color-4)","background-image":"","background-repeat":"repeat","background-position":"center center","background-size":"auto","background-attachment":"scroll","background-type":"","background-media":"","overlay-type":"","overlay-color":"","overlay-opacity":"","overlay-gradient":""},"tablet":{"background-color":"","background-image":"","background-repeat":"repeat","background-position":"center center","background-size":"auto","background-attachment":"scroll","background-type":"","background-media":"","overlay-type":"","overlay-color":"","overlay-opacity":"","overlay-gradient":""},"mobile":{"background-color":"","background-image":"","background-repeat":"repeat","background-position":"center center","background-size":"auto","background-attachment":"scroll","background-type":"","background-media":"","overlay-type":"","overlay-color":"","overlay-opacity":"","overlay-gradient":""}},"ast-content-background-meta":{"desktop":{"background-color":"var(--ast-global-color-5)","background-image":"","background-repeat":"repeat","background-position":"center center","background-size":"auto","background-attachment":"scroll","background-type":"","background-media":"","overlay-type":"","overlay-color":"","overlay-opacity":"","overlay-gradient":""},"tablet":{"background-color":"var(--ast-global-color-5)","background-image":"","background-repeat":"repeat","background-position":"center center","background-size":"auto","background-attachment":"scroll","background-type":"","background-media":"","overlay-type":"","overlay-color":"","overlay-opacity":"","overlay-gradient":""},"mobile":{"background-color":"var(--ast-global-color-5)","background-image":"","background-repeat":"repeat","background-position":"center center","background-size":"auto","background-attachment":"scroll","background-type":"","background-media":"","overlay-type":"","overlay-color":"","overlay-opacity":"","overlay-gradient":""}},"footnotes":""},"class_list":["post-11633","page","type-page","status-publish","hentry"],"yoast_head":"<!-- This site is optimized with the Yoast SEO plugin v27.3 - https:\/\/yoast.com\/product\/yoast-seo-wordpress\/ -->\n<title>Parent Volunteers - Honor\u00e9 Mercier School<\/title>\n<meta name=\"robots\" content=\"index, follow, max-snippet:-1, max-image-preview:large, max-video-preview:-1\" \/>\n<link rel=\"canonical\" href=\"https:\/\/honoremercier.emsb.qc.ca\/fr\/parent-volunteers\/\" \/>\n<meta property=\"og:locale\" content=\"fr_FR\" \/>\n<meta property=\"og:type\" content=\"article\" \/>\n<meta property=\"og:title\" content=\"Parent Volunteers - Honor\u00e9 Mercier School\" \/>\n<meta property=\"og:description\" content=\"Parent Volunteers Parent involvement in their child\u2019s school is highly correlated to student success. At Honor\u00e9 Mercier, your presence is welcome and your contribution is valued. Here are a few of the many ways in which you can make a difference for all students Register as a Volunteer @ Honor\u00e9 Mercier Should you not be [&hellip;]\" \/>\n<meta property=\"og:url\" content=\"https:\/\/honoremercier.emsb.qc.ca\/fr\/parent-volunteers\/\" \/>\n<meta property=\"og:site_name\" content=\"Honor\u00e9 Mercier School\" \/>\n<meta property=\"article:modified_time\" content=\"2024-09-25T16:56:24+00:00\" \/>\n<meta property=\"og:image\" content=\"https:\/\/honoremercier.emsb.qc.ca\/wp-content\/uploads\/sites\/7\/elementor\/thumbs\/holding-a-maple-leaf-qtq08k7o1oyweqy49wa31vq6ql6rqws3k2f7e66pbs.png\" \/>\n<meta name=\"twitter:card\" content=\"summary_large_image\" \/>\n<meta name=\"twitter:label1\" content=\"Dur\u00e9e de lecture estim\u00e9e\" \/>\n\t<meta name=\"twitter:data1\" content=\"1 minute\" \/>\n<script type=\"application\/ld+json\" class=\"yoast-schema-graph\">{\"@context\":\"https:\\\/\\\/schema.org\",\"@graph\":[{\"@type\":\"WebPage\",\"@id\":\"https:\\\/\\\/honoremercier.emsb.qc.ca\\\/parent-volunteers\\\/\",\"url\":\"https:\\\/\\\/honoremercier.emsb.qc.ca\\\/parent-volunteers\\\/\",\"name\":\"Parent Volunteers - Honor\u00e9 Mercier School\",\"isPartOf\":{\"@id\":\"https:\\\/\\\/honoremercier.emsb.qc.ca\\\/#website\"},\"primaryImageOfPage\":{\"@id\":\"https:\\\/\\\/honoremercier.emsb.qc.ca\\\/parent-volunteers\\\/#primaryimage\"},\"image\":{\"@id\":\"https:\\\/\\\/honoremercier.emsb.qc.ca\\\/parent-volunteers\\\/#primaryimage\"},\"thumbnailUrl\":\"https:\\\/\\\/honoremercier.emsb.qc.ca\\\/wp-content\\\/uploads\\\/sites\\\/7\\\/elementor\\\/thumbs\\\/holding-a-maple-leaf-qtq08k7o1oyweqy49wa31vq6ql6rqws3k2f7e66pbs.png\",\"datePublished\":\"2024-09-09T18:54:06+00:00\",\"dateModified\":\"2024-09-25T16:56:24+00:00\",\"breadcrumb\":{\"@id\":\"https:\\\/\\\/honoremercier.emsb.qc.ca\\\/parent-volunteers\\\/#breadcrumb\"},\"inLanguage\":\"fr-FR\",\"potentialAction\":[{\"@type\":\"ReadAction\",\"target\":[\"https:\\\/\\\/honoremercier.emsb.qc.ca\\\/parent-volunteers\\\/\"]}]},{\"@type\":\"ImageObject\",\"inLanguage\":\"fr-FR\",\"@id\":\"https:\\\/\\\/honoremercier.emsb.qc.ca\\\/parent-volunteers\\\/#primaryimage\",\"url\":\"https:\\\/\\\/honoremercier.emsb.qc.ca\\\/wp-content\\\/uploads\\\/sites\\\/7\\\/elementor\\\/thumbs\\\/holding-a-maple-leaf-qtq08k7o1oyweqy49wa31vq6ql6rqws3k2f7e66pbs.png\",\"contentUrl\":\"https:\\\/\\\/honoremercier.emsb.qc.ca\\\/wp-content\\\/uploads\\\/sites\\\/7\\\/elementor\\\/thumbs\\\/holding-a-maple-leaf-qtq08k7o1oyweqy49wa31vq6ql6rqws3k2f7e66pbs.png\"},{\"@type\":\"BreadcrumbList\",\"@id\":\"https:\\\/\\\/honoremercier.emsb.qc.ca\\\/parent-volunteers\\\/#breadcrumb\",\"itemListElement\":[{\"@type\":\"ListItem\",\"position\":1,\"name\":\"Home\",\"item\":\"https:\\\/\\\/honoremercier.emsb.qc.ca\\\/\"},{\"@type\":\"ListItem\",\"position\":2,\"name\":\"Parent Volunteers\"}]},{\"@type\":\"WebSite\",\"@id\":\"https:\\\/\\\/honoremercier.emsb.qc.ca\\\/#website\",\"url\":\"https:\\\/\\\/honoremercier.emsb.qc.ca\\\/\",\"name\":\"Honor\u00e9 Mercier School\",\"description\":\"Honor\u00e9 Mercier School\",\"publisher\":{\"@id\":\"https:\\\/\\\/honoremercier.emsb.qc.ca\\\/#organization\"},\"potentialAction\":[{\"@type\":\"SearchAction\",\"target\":{\"@type\":\"EntryPoint\",\"urlTemplate\":\"https:\\\/\\\/honoremercier.emsb.qc.ca\\\/?s={search_term_string}\"},\"query-input\":{\"@type\":\"PropertyValueSpecification\",\"valueRequired\":true,\"valueName\":\"search_term_string\"}}],\"inLanguage\":\"fr-FR\"},{\"@type\":\"Organization\",\"@id\":\"https:\\\/\\\/honoremercier.emsb.qc.ca\\\/#organization\",\"name\":\"Honor\u00e9 Mercier School\",\"url\":\"https:\\\/\\\/honoremercier.emsb.qc.ca\\\/\",\"logo\":{\"@type\":\"ImageObject\",\"inLanguage\":\"fr-FR\",\"@id\":\"https:\\\/\\\/honoremercier.emsb.qc.ca\\\/#\\\/schema\\\/logo\\\/image\\\/\",\"url\":\"https:\\\/\\\/honoremercier.emsb.qc.ca\\\/wp-content\\\/uploads\\\/sites\\\/7\\\/2024\\\/07\\\/Honore-Mercier-crest.png\",\"contentUrl\":\"https:\\\/\\\/honoremercier.emsb.qc.ca\\\/wp-content\\\/uploads\\\/sites\\\/7\\\/2024\\\/07\\\/Honore-Mercier-crest.png\",\"width\":1000,\"height\":909,\"caption\":\"Honor\u00e9 Mercier School\"},\"image\":{\"@id\":\"https:\\\/\\\/honoremercier.emsb.qc.ca\\\/#\\\/schema\\\/logo\\\/image\\\/\"}}]}<\/script>\n<!-- \/ Yoast SEO plugin. -->","yoast_head_json":{"title":"Parent Volunteers - Honor\u00e9 Mercier School","robots":{"index":"index","follow":"follow","max-snippet":"max-snippet:-1","max-image-preview":"max-image-preview:large","max-video-preview":"max-video-preview:-1"},"canonical":"https:\/\/honoremercier.emsb.qc.ca\/fr\/parent-volunteers\/","og_locale":"fr_FR","og_type":"article","og_title":"Parent Volunteers - Honor\u00e9 Mercier School","og_description":"Parent Volunteers Parent involvement in their child\u2019s school is highly correlated to student success. At Honor\u00e9 Mercier, your presence is welcome and your contribution is valued. Here are a few of the many ways in which you can make a difference for all students Register as a Volunteer @ Honor\u00e9 Mercier Should you not be [&hellip;]","og_url":"https:\/\/honoremercier.emsb.qc.ca\/fr\/parent-volunteers\/","og_site_name":"Honor\u00e9 Mercier School","article_modified_time":"2024-09-25T16:56:24+00:00","og_image":[{"url":"https:\/\/honoremercier.emsb.qc.ca\/wp-content\/uploads\/sites\/7\/elementor\/thumbs\/holding-a-maple-leaf-qtq08k7o1oyweqy49wa31vq6ql6rqws3k2f7e66pbs.png","type":"","width":"","height":""}],"twitter_card":"summary_large_image","twitter_misc":{"Dur\u00e9e de lecture estim\u00e9e":"1 minute"},"schema":{"@context":"https:\/\/schema.org","@graph":[{"@type":"WebPage","@id":"https:\/\/honoremercier.emsb.qc.ca\/parent-volunteers\/","url":"https:\/\/honoremercier.emsb.qc.ca\/parent-volunteers\/","name":"Parent Volunteers - Honor\u00e9 Mercier School","isPartOf":{"@id":"https:\/\/honoremercier.emsb.qc.ca\/#website"},"primaryImageOfPage":{"@id":"https:\/\/honoremercier.emsb.qc.ca\/parent-volunteers\/#primaryimage"},"image":{"@id":"https:\/\/honoremercier.emsb.qc.ca\/parent-volunteers\/#primaryimage"},"thumbnailUrl":"https:\/\/honoremercier.emsb.qc.ca\/wp-content\/uploads\/sites\/7\/elementor\/thumbs\/holding-a-maple-leaf-qtq08k7o1oyweqy49wa31vq6ql6rqws3k2f7e66pbs.png","datePublished":"2024-09-09T18:54:06+00:00","dateModified":"2024-09-25T16:56:24+00:00","breadcrumb":{"@id":"https:\/\/honoremercier.emsb.qc.ca\/parent-volunteers\/#breadcrumb"},"inLanguage":"fr-FR","potentialAction":[{"@type":"ReadAction","target":["https:\/\/honoremercier.emsb.qc.ca\/parent-volunteers\/"]}]},{"@type":"ImageObject","inLanguage":"fr-FR","@id":"https:\/\/honoremercier.emsb.qc.ca\/parent-volunteers\/#primaryimage","url":"https:\/\/honoremercier.emsb.qc.ca\/wp-content\/uploads\/sites\/7\/elementor\/thumbs\/holding-a-maple-leaf-qtq08k7o1oyweqy49wa31vq6ql6rqws3k2f7e66pbs.png","contentUrl":"https:\/\/honoremercier.emsb.qc.ca\/wp-content\/uploads\/sites\/7\/elementor\/thumbs\/holding-a-maple-leaf-qtq08k7o1oyweqy49wa31vq6ql6rqws3k2f7e66pbs.png"},{"@type":"BreadcrumbList","@id":"https:\/\/honoremercier.emsb.qc.ca\/parent-volunteers\/#breadcrumb","itemListElement":[{"@type":"ListItem","position":1,"name":"Home","item":"https:\/\/honoremercier.emsb.qc.ca\/"},{"@type":"ListItem","position":2,"name":"Parent Volunteers"}]},{"@type":"WebSite","@id":"https:\/\/honoremercier.emsb.qc.ca\/#website","url":"https:\/\/honoremercier.emsb.qc.ca\/","name":"\u00c9cole Honor\u00e9 Mercier","description":"\u00c9cole Honor\u00e9 Mercier","publisher":{"@id":"https:\/\/honoremercier.emsb.qc.ca\/#organization"},"potentialAction":[{"@type":"SearchAction","target":{"@type":"EntryPoint","urlTemplate":"https:\/\/honoremercier.emsb.qc.ca\/?s={search_term_string}"},"query-input":{"@type":"PropertyValueSpecification","valueRequired":true,"valueName":"search_term_string"}}],"inLanguage":"fr-FR"},{"@type":"Organization","@id":"https:\/\/honoremercier.emsb.qc.ca\/#organization","name":"\u00c9cole Honor\u00e9 Mercier","url":"https:\/\/honoremercier.emsb.qc.ca\/","logo":{"@type":"ImageObject","inLanguage":"fr-FR","@id":"https:\/\/honoremercier.emsb.qc.ca\/#\/schema\/logo\/image\/","url":"https:\/\/honoremercier.emsb.qc.ca\/wp-content\/uploads\/sites\/7\/2024\/07\/Honore-Mercier-crest.png","contentUrl":"https:\/\/honoremercier.emsb.qc.ca\/wp-content\/uploads\/sites\/7\/2024\/07\/Honore-Mercier-crest.png","width":1000,"height":909,"caption":"Honor\u00e9 Mercier School"},"image":{"@id":"https:\/\/honoremercier.emsb.qc.ca\/#\/schema\/logo\/image\/"}}]}},"_links":{"self":[{"href":"https:\/\/honoremercier.emsb.qc.ca\/fr\/wp-json\/wp\/v2\/pages\/11633","targetHints":{"allow":["GET"]}}],"collection":[{"href":"https:\/\/honoremercier.emsb.qc.ca\/fr\/wp-json\/wp\/v2\/pages"}],"about":[{"href":"https:\/\/honoremercier.emsb.qc.ca\/fr\/wp-json\/wp\/v2\/types\/page"}],"author":[{"embeddable":true,"href":"https:\/\/honoremercier.emsb.qc.ca\/fr\/wp-json\/wp\/v2\/users\/11"}],"replies":[{"embeddable":true,"href":"https:\/\/honoremercier.emsb.qc.ca\/fr\/wp-json\/wp\/v2\/comments?post=11633"}],"version-history":[{"count":19,"href":"https:\/\/honoremercier.emsb.qc.ca\/fr\/wp-json\/wp\/v2\/pages\/11633\/revisions"}],"predecessor-version":[{"id":11689,"href":"https:\/\/honoremercier.emsb.qc.ca\/fr\/wp-json\/wp\/v2\/pages\/11633\/revisions\/11689"}],"wp:attachment":[{"href":"https:\/\/honoremercier.emsb.qc.ca\/fr\/wp-json\/wp\/v2\/media?parent=11633"}],"curies":[{"name":"wp","href":"https:\/\/api.w.org\/{rel}","templated":true}]}}