
{"id":11553,"date":"2024-09-09T13:55:05","date_gmt":"2024-09-09T17:55:05","guid":{"rendered":"https:\/\/honoremercier.emsbstaging.com\/?page_id=11553"},"modified":"2024-11-01T09:36:58","modified_gmt":"2024-11-01T13:36:58","slug":"music-arts","status":"publish","type":"page","link":"https:\/\/honoremercier.emsb.qc.ca\/fr\/music-arts\/","title":{"rendered":"Musique et arts"},"content":{"rendered":"<div data-elementor-type=\"wp-page\" data-elementor-id=\"11553\" class=\"elementor elementor-11553\" data-elementor-post-type=\"page\">\n\t\t\t\t\t\t<section class=\"elementor-section elementor-top-section elementor-element elementor-element-3195d8b6 elementor-section-full_width elementor-section-height-default elementor-section-height-default\" data-id=\"3195d8b6\" data-element_type=\"section\" data-e-type=\"section\" data-settings=\"{&quot;jet_parallax_layout_list&quot;:[]}\">\n\t\t\t\t\t\t<div class=\"elementor-container elementor-column-gap-default\">\n\t\t\t\t\t<div class=\"elementor-column elementor-col-100 elementor-top-column elementor-element elementor-element-2a06b17a\" data-id=\"2a06b17a\" data-element_type=\"column\" data-e-type=\"column\">\n\t\t\t<div class=\"elementor-widget-wrap elementor-element-populated\">\n\t\t\t\t\t\t<div class=\"elementor-element elementor-element-6c884ea0 elementor-widget elementor-widget-image\" data-id=\"6c884ea0\" data-element_type=\"widget\" data-e-type=\"widget\" data-widget_type=\"image.default\">\n\t\t\t\t<div class=\"elementor-widget-container\">\n\t\t\t\t\t\t\t\t\t\t\t\t\t\t\t<img decoding=\"async\" src=\"https:\/\/honoremercier.emsb.qc.ca\/wp-content\/uploads\/sites\/7\/elementor\/thumbs\/playing-piano-qw1bvr5bpnamnhiwwydewotglu26ncg731nmjshz20.png\" title=\"jouer du piano\" alt=\"playing piano\" loading=\"lazy\" \/>\t\t\t\t\t\t\t\t\t\t\t\t\t\t\t<\/div>\n\t\t\t\t<\/div>\n\t\t\t\t\t<\/div>\n\t\t<\/div>\n\t\t\t\t\t<\/div>\n\t\t<\/section>\n\t\t\t\t<section class=\"elementor-section elementor-top-section elementor-element elementor-element-11d4aed elementor-section-boxed elementor-section-height-default elementor-section-height-default\" data-id=\"11d4aed\" data-element_type=\"section\" data-e-type=\"section\" data-settings=\"{&quot;jet_parallax_layout_list&quot;:[]}\">\n\t\t\t\t\t\t<div class=\"elementor-container elementor-column-gap-default\">\n\t\t\t\t\t<div class=\"elementor-column elementor-col-100 elementor-top-column elementor-element elementor-element-b93f0d0\" data-id=\"b93f0d0\" data-element_type=\"column\" data-e-type=\"column\">\n\t\t\t<div class=\"elementor-widget-wrap elementor-element-populated\">\n\t\t\t\t\t\t<div class=\"elementor-element elementor-element-882a37e elementor-widget elementor-widget-spacer\" data-id=\"882a37e\" data-element_type=\"widget\" data-e-type=\"widget\" data-widget_type=\"spacer.default\">\n\t\t\t\t<div class=\"elementor-widget-container\">\n\t\t\t\t\t\t\t<div class=\"elementor-spacer\">\n\t\t\t<div class=\"elementor-spacer-inner\"><\/div>\n\t\t<\/div>\n\t\t\t\t\t\t<\/div>\n\t\t\t\t<\/div>\n\t\t\t\t\t<\/div>\n\t\t<\/div>\n\t\t\t\t\t<\/div>\n\t\t<\/section>\n\t\t\t\t<section class=\"elementor-section elementor-top-section elementor-element elementor-element-2293ab47 elementor-section-boxed elementor-section-height-default elementor-section-height-default\" data-id=\"2293ab47\" data-element_type=\"section\" data-e-type=\"section\" data-settings=\"{&quot;jet_parallax_layout_list&quot;:[]}\">\n\t\t\t\t\t\t<div class=\"elementor-container elementor-column-gap-no\">\n\t\t\t\t\t<div class=\"elementor-column elementor-col-100 elementor-top-column elementor-element elementor-element-1cee71d8\" data-id=\"1cee71d8\" data-element_type=\"column\" data-e-type=\"column\">\n\t\t\t<div class=\"elementor-widget-wrap elementor-element-populated\">\n\t\t\t\t\t\t<div class=\"elementor-element elementor-element-1c08fca elementor-widget__width-auto elementor-widget elementor-widget-heading\" data-id=\"1c08fca\" data-element_type=\"widget\" data-e-type=\"widget\" data-widget_type=\"heading.default\">\n\t\t\t\t<div class=\"elementor-widget-container\">\n\t\t\t\t\t<h2 class=\"elementor-heading-title elementor-size-default\">Arts et<\/h2>\t\t\t\t<\/div>\n\t\t\t\t<\/div>\n\t\t\t\t<div class=\"elementor-element elementor-element-69f05a2d elementor-widget__width-initial elementor-widget elementor-widget-heading\" data-id=\"69f05a2d\" data-element_type=\"widget\" data-e-type=\"widget\" data-widget_type=\"heading.default\">\n\t\t\t\t<div class=\"elementor-widget-container\">\n\t\t\t\t\t<h2 class=\"elementor-heading-title elementor-size-default\">Musique<\/h2>\t\t\t\t<\/div>\n\t\t\t\t<\/div>\n\t\t\t\t\t<\/div>\n\t\t<\/div>\n\t\t\t\t\t<\/div>\n\t\t<\/section>\n\t\t\t\t<section class=\"elementor-section elementor-top-section elementor-element elementor-element-171354d elementor-section-boxed elementor-section-height-default elementor-section-height-default\" data-id=\"171354d\" data-element_type=\"section\" data-e-type=\"section\" data-settings=\"{&quot;jet_parallax_layout_list&quot;:[]}\">\n\t\t\t\t\t\t<div class=\"elementor-container elementor-column-gap-default\">\n\t\t\t\t\t<div class=\"elementor-column elementor-col-100 elementor-top-column elementor-element elementor-element-ad64d88\" data-id=\"ad64d88\" data-element_type=\"column\" data-e-type=\"column\">\n\t\t\t<div class=\"elementor-widget-wrap elementor-element-populated\">\n\t\t\t\t\t\t<div class=\"elementor-element elementor-element-66e84f2 elementor-widget elementor-widget-text-editor\" data-id=\"66e84f2\" data-element_type=\"widget\" data-e-type=\"widget\" data-widget_type=\"text-editor.default\">\n\t\t\t\t<div class=\"elementor-widget-container\">\n\t\t\t\t\t\t\t\t\t<h3>\u00c0 Honor\u00e9 Mercier, nous encourageons, motivons et inspirons nos \u00e9l\u00e8ves \u00e0 stimuler leur cr\u00e9ativit\u00e9 et \u00e0 faire ressortir l'artiste qui est en eux.<\/h3>\t\t\t\t\t\t\t\t<\/div>\n\t\t\t\t<\/div>\n\t\t\t\t<div class=\"elementor-element elementor-element-5581a82 elementor-widget__width-auto elementor-widget elementor-widget-heading\" data-id=\"5581a82\" data-element_type=\"widget\" data-e-type=\"widget\" data-widget_type=\"heading.default\">\n\t\t\t\t<div class=\"elementor-widget-container\">\n\t\t\t\t\t<h2 class=\"elementor-heading-title elementor-size-default\">Programme de musique \u00e0 Honor\u00e9 Mercier<\/h2>\t\t\t\t<\/div>\n\t\t\t\t<\/div>\n\t\t\t\t<div class=\"elementor-element elementor-element-5b6e79e elementor-widget elementor-widget-text-editor\" data-id=\"5b6e79e\" data-element_type=\"widget\" data-e-type=\"widget\" data-widget_type=\"text-editor.default\">\n\t\t\t\t<div class=\"elementor-widget-container\">\n\t\t\t\t\t\t\t\t\t<p><strong>Pourquoi la musique est-elle importante ?<\/strong><\/p><p>La formation musicale pr\u00e9coce a un effet sur le d\u00e9veloppement du cerveau et produit des changements durables dans les capacit\u00e9s motrices et la structure c\u00e9r\u00e9brale. L'\u00e9ducation musicale am\u00e9liore les r\u00e9sultats scolaires des \u00e9l\u00e8ves gr\u00e2ce \u00e0 la m\u00e9morisation et \u00e0 la conservation d'informations verbales et des progr\u00e8s en math\u00e9matiques. Ainsi ces b\u00e9n\u00e9fices augmentent au fil des ans. Elle stimule \u00e9galement les comp\u00e9tences en lecture et en arts plastiques en fran\u00e7ais et en anglais. La musique favorise le sentiment d'appartenance \u00e0 une communaut\u00e9, ce qui permet d'am\u00e9liorer les habitudes d'\u00e9tude et l'estime de soi. En fin de compte, l'\u00e9ducation musicale d\u00e9veloppe les capacit\u00e9s cr\u00e9atives n\u00e9cessaires pour r\u00e9ussir tout au long de la vie.<\/p><p>La musique \u00e0 Honor\u00e9 Mercier est enseign\u00e9e de la 1\u00e8re \u00e0 la 6\u00e8me ann\u00e9e. Elle est enseign\u00e9e en fran\u00e7ais. Gr\u00e2ce aux m\u00e9thodes Orff, Kodaly et Dalcroze, les concepts de m\u00e9lodie, de rythme, d'harmonie, de forme et d'expression sont enseign\u00e9s de fa\u00e7on s\u00e9quentielle et renforc\u00e9s \u00e0 chaque cycle. Chaque ann\u00e9e, les \u00e9l\u00e8ves organisent un concert de vacances et un concert de fin d'ann\u00e9e pour montrer aux parents ce qu'ils ont appris et comment ils se sont am\u00e9lior\u00e9s. Les \u00e9l\u00e8ves des cycles 2 et 3 ont \u00e9galement l'occasion d'assister \u00e0 un concert de l'Orchestre symphonique de Montr\u00e9al !<\/p><p>Honor\u00e9 Mercier participe \u00e9galement au Music Class Challenge de la CBC o\u00f9 il se classe g\u00e9n\u00e9ralement parmi les 10 premiers de tous les participants. Nous sommes \u00e9galement fiers de notre programme d'orchestre parascolaire qui participe \u00e0 l'orchestre d'honneur du QBA Honour Band  et de notre chorale \u00e0 l'heure du d\u00eener qui participe \u00e0 diverses activit\u00e9s.<\/p>\t\t\t\t\t\t\t\t<\/div>\n\t\t\t\t<\/div>\n\t\t\t\t<div class=\"elementor-element elementor-element-08874bb elementor-widget__width-auto elementor-widget elementor-widget-heading\" data-id=\"08874bb\" data-element_type=\"widget\" data-e-type=\"widget\" data-widget_type=\"heading.default\">\n\t\t\t\t<div class=\"elementor-widget-container\">\n\t\t\t\t\t<h2 class=\"elementor-heading-title elementor-size-default\">Programme d'arts visuels Honor\u00e9 Mercier<\/h2>\t\t\t\t<\/div>\n\t\t\t\t<\/div>\n\t\t\t\t<div class=\"elementor-element elementor-element-43574e4 elementor-widget elementor-widget-text-editor\" data-id=\"43574e4\" data-element_type=\"widget\" data-e-type=\"widget\" data-widget_type=\"text-editor.default\">\n\t\t\t\t<div class=\"elementor-widget-container\">\n\t\t\t\t\t\t\t\t\t<p>Chaque \u00e9l\u00e8ve d'Honor\u00e9 Mercier est un individu diff\u00e9rent et unique. Le programme d'art de notre \u00e9cole joue un r\u00f4le essentiel en permettant \u00e0 ces \u00e9l\u00e8ves de s'exprimer librement \u00e0 travers divers m\u00e9dias artistiques. De la peinture aux collages en passant par les dessins et les installations, nos \u00e9l\u00e8ves explorent divers moyens de canaliser leur cr\u00e9ativit\u00e9 et leur appr\u00e9ciation des arts. L'\u00e9ducation artistique est int\u00e9gr\u00e9e dans notre programme de la premi\u00e8re \u00e0 la sixi\u00e8me ann\u00e9e, o\u00f9 les \u00e9l\u00e8ves apprennent non seulement les comp\u00e9tences techniques, mais sont \u00e9galement encourag\u00e9s \u00e0 exprimer leurs perspectives uniques et leurs instincts cr\u00e9atifs. Gr\u00e2ce \u00e0 ce programme, les \u00e9l\u00e8ves comprennent les diff\u00e9rentes formes d'art, \u00e9tudient l'histoire de l'art et apprennent \u00e0 appr\u00e9cier des \u0153uvres d'art c\u00e9l\u00e8bres, ainsi que leurs propres cr\u00e9ations et celles de leurs camarades. Cette approche holistique nourrit chez nos \u00e9l\u00e8ves un amour de l'art et de l'expression personnelle qui durera toute leur vie.<\/p>\t\t\t\t\t\t\t\t<\/div>\n\t\t\t\t<\/div>\n\t\t\t\t\t<\/div>\n\t\t<\/div>\n\t\t\t\t\t<\/div>\n\t\t<\/section>\n\t\t\t\t<section class=\"elementor-section elementor-top-section elementor-element elementor-element-8c8ac24 elementor-section-boxed elementor-section-height-default elementor-section-height-default\" data-id=\"8c8ac24\" data-element_type=\"section\" data-e-type=\"section\" data-settings=\"{&quot;jet_parallax_layout_list&quot;:[]}\">\n\t\t\t\t\t\t<div class=\"elementor-container elementor-column-gap-default\">\n\t\t\t\t\t<div class=\"elementor-column elementor-col-100 elementor-top-column elementor-element elementor-element-4d0ba6a\" data-id=\"4d0ba6a\" data-element_type=\"column\" data-e-type=\"column\">\n\t\t\t<div class=\"elementor-widget-wrap elementor-element-populated\">\n\t\t\t\t\t\t<div class=\"elementor-element elementor-element-d1a8e26 elementor-widget elementor-widget-video\" data-id=\"d1a8e26\" data-element_type=\"widget\" data-e-type=\"widget\" data-settings=\"{&quot;youtube_url&quot;:&quot;https:\\\/\\\/youtu.be\\\/nv1l8d-nZdg?si=M2ZUP8pa71zlCIPC &quot;,&quot;video_type&quot;:&quot;youtube&quot;,&quot;controls&quot;:&quot;yes&quot;}\" data-widget_type=\"video.default\">\n\t\t\t\t<div class=\"elementor-widget-container\">\n\t\t\t\t\t\t\t<div class=\"elementor-wrapper elementor-open-inline\">\n\t\t\t<div class=\"elementor-video\"><\/div>\t\t<\/div>\n\t\t\t\t\t\t<\/div>\n\t\t\t\t<\/div>\n\t\t\t\t\t<\/div>\n\t\t<\/div>\n\t\t\t\t\t<\/div>\n\t\t<\/section>\n\t\t\t\t<\/div>","protected":false},"excerpt":{"rendered":"<p>Arts &amp; Music At Honor\u00e9 Mercier, we encourage, motivate, and inspire our students to stimulate creativity and bring out their inner artists. Honor\u00e9 Mercier Music Program Why is music important? Early musical training has an effect on brain development to produce long-lasting changes in motor abilities and brain structure. Music education facilitates student academic achievement [&hellip;]<\/p>\n","protected":false},"author":11,"featured_media":0,"parent":0,"menu_order":0,"comment_status":"closed","ping_status":"closed","template":"","meta":{"site-sidebar-layout":"no-sidebar","site-content-layout":"page-builder","ast-site-content-layout":"full-width-container","site-content-style":"unboxed","site-sidebar-style":"unboxed","ast-global-header-display":"","ast-banner-title-visibility":"","ast-main-header-display":"","ast-hfb-above-header-display":"","ast-hfb-below-header-display":"","ast-hfb-mobile-header-display":"","site-post-title":"disabled","ast-breadcrumbs-content":"","ast-featured-img":"disabled","footer-sml-layout":"","ast-disable-related-posts":"","theme-transparent-header-meta":"default","adv-header-id-meta":"","stick-header-meta":"","header-above-stick-meta":"","header-main-stick-meta":"","header-below-stick-meta":"","astra-migrate-meta-layouts":"set","ast-page-background-enabled":"default","ast-page-background-meta":{"desktop":{"background-color":"var(--ast-global-color-4)","background-image":"","background-repeat":"repeat","background-position":"center center","background-size":"auto","background-attachment":"scroll","background-type":"","background-media":"","overlay-type":"","overlay-color":"","overlay-opacity":"","overlay-gradient":""},"tablet":{"background-color":"","background-image":"","background-repeat":"repeat","background-position":"center center","background-size":"auto","background-attachment":"scroll","background-type":"","background-media":"","overlay-type":"","overlay-color":"","overlay-opacity":"","overlay-gradient":""},"mobile":{"background-color":"","background-image":"","background-repeat":"repeat","background-position":"center center","background-size":"auto","background-attachment":"scroll","background-type":"","background-media":"","overlay-type":"","overlay-color":"","overlay-opacity":"","overlay-gradient":""}},"ast-content-background-meta":{"desktop":{"background-color":"var(--ast-global-color-5)","background-image":"","background-repeat":"repeat","background-position":"center center","background-size":"auto","background-attachment":"scroll","background-type":"","background-media":"","overlay-type":"","overlay-color":"","overlay-opacity":"","overlay-gradient":""},"tablet":{"background-color":"var(--ast-global-color-5)","background-image":"","background-repeat":"repeat","background-position":"center center","background-size":"auto","background-attachment":"scroll","background-type":"","background-media":"","overlay-type":"","overlay-color":"","overlay-opacity":"","overlay-gradient":""},"mobile":{"background-color":"var(--ast-global-color-5)","background-image":"","background-repeat":"repeat","background-position":"center center","background-size":"auto","background-attachment":"scroll","background-type":"","background-media":"","overlay-type":"","overlay-color":"","overlay-opacity":"","overlay-gradient":""}},"footnotes":""},"class_list":["post-11553","page","type-page","status-publish","hentry"],"yoast_head":"<!-- This site is optimized with the Yoast SEO plugin v27.3 - https:\/\/yoast.com\/product\/yoast-seo-wordpress\/ -->\n<title>Music &amp; Arts - Honor\u00e9 Mercier School<\/title>\n<meta name=\"robots\" content=\"index, follow, max-snippet:-1, max-image-preview:large, max-video-preview:-1\" \/>\n<link rel=\"canonical\" href=\"https:\/\/honoremercier.emsb.qc.ca\/fr\/music-arts\/\" \/>\n<meta property=\"og:locale\" content=\"fr_FR\" \/>\n<meta property=\"og:type\" content=\"article\" \/>\n<meta property=\"og:title\" content=\"Music &amp; Arts - Honor\u00e9 Mercier School\" \/>\n<meta property=\"og:description\" content=\"Arts &amp; Music At Honor\u00e9 Mercier, we encourage, motivate, and inspire our students to stimulate creativity and bring out their inner artists. Honor\u00e9 Mercier Music Program Why is music important? Early musical training has an effect on brain development to produce long-lasting changes in motor abilities and brain structure. Music education facilitates student academic achievement [&hellip;]\" \/>\n<meta property=\"og:url\" content=\"https:\/\/honoremercier.emsb.qc.ca\/fr\/music-arts\/\" \/>\n<meta property=\"og:site_name\" content=\"Honor\u00e9 Mercier School\" \/>\n<meta property=\"article:modified_time\" content=\"2024-11-01T13:36:58+00:00\" \/>\n<meta property=\"og:image\" content=\"https:\/\/honoremercier.emsb.qc.ca\/wp-content\/uploads\/sites\/7\/elementor\/thumbs\/playing-piano-qw1bvr5bpnamnhiwwydewotglu26ncg731nmjshz20.png\" \/>\n<meta name=\"twitter:card\" content=\"summary_large_image\" \/>\n<meta name=\"twitter:label1\" content=\"Dur\u00e9e de lecture estim\u00e9e\" \/>\n\t<meta name=\"twitter:data1\" content=\"2 minutes\" \/>\n<script type=\"application\/ld+json\" class=\"yoast-schema-graph\">{\"@context\":\"https:\\\/\\\/schema.org\",\"@graph\":[{\"@type\":\"WebPage\",\"@id\":\"https:\\\/\\\/honoremercier.emsb.qc.ca\\\/music-arts\\\/\",\"url\":\"https:\\\/\\\/honoremercier.emsb.qc.ca\\\/music-arts\\\/\",\"name\":\"Music &amp; Arts - Honor\u00e9 Mercier School\",\"isPartOf\":{\"@id\":\"https:\\\/\\\/honoremercier.emsb.qc.ca\\\/#website\"},\"primaryImageOfPage\":{\"@id\":\"https:\\\/\\\/honoremercier.emsb.qc.ca\\\/music-arts\\\/#primaryimage\"},\"image\":{\"@id\":\"https:\\\/\\\/honoremercier.emsb.qc.ca\\\/music-arts\\\/#primaryimage\"},\"thumbnailUrl\":\"https:\\\/\\\/honoremercier.emsb.qc.ca\\\/wp-content\\\/uploads\\\/sites\\\/7\\\/elementor\\\/thumbs\\\/playing-piano-qw1bvr5bpnamnhiwwydewotglu26ncg731nmjshz20.png\",\"datePublished\":\"2024-09-09T17:55:05+00:00\",\"dateModified\":\"2024-11-01T13:36:58+00:00\",\"breadcrumb\":{\"@id\":\"https:\\\/\\\/honoremercier.emsb.qc.ca\\\/music-arts\\\/#breadcrumb\"},\"inLanguage\":\"fr-FR\",\"potentialAction\":[{\"@type\":\"ReadAction\",\"target\":[\"https:\\\/\\\/honoremercier.emsb.qc.ca\\\/music-arts\\\/\"]}]},{\"@type\":\"ImageObject\",\"inLanguage\":\"fr-FR\",\"@id\":\"https:\\\/\\\/honoremercier.emsb.qc.ca\\\/music-arts\\\/#primaryimage\",\"url\":\"https:\\\/\\\/honoremercier.emsb.qc.ca\\\/wp-content\\\/uploads\\\/sites\\\/7\\\/elementor\\\/thumbs\\\/playing-piano-qw1bvr5bpnamnhiwwydewotglu26ncg731nmjshz20.png\",\"contentUrl\":\"https:\\\/\\\/honoremercier.emsb.qc.ca\\\/wp-content\\\/uploads\\\/sites\\\/7\\\/elementor\\\/thumbs\\\/playing-piano-qw1bvr5bpnamnhiwwydewotglu26ncg731nmjshz20.png\"},{\"@type\":\"BreadcrumbList\",\"@id\":\"https:\\\/\\\/honoremercier.emsb.qc.ca\\\/music-arts\\\/#breadcrumb\",\"itemListElement\":[{\"@type\":\"ListItem\",\"position\":1,\"name\":\"Home\",\"item\":\"https:\\\/\\\/honoremercier.emsb.qc.ca\\\/\"},{\"@type\":\"ListItem\",\"position\":2,\"name\":\"Music &amp; Arts\"}]},{\"@type\":\"WebSite\",\"@id\":\"https:\\\/\\\/honoremercier.emsb.qc.ca\\\/#website\",\"url\":\"https:\\\/\\\/honoremercier.emsb.qc.ca\\\/\",\"name\":\"Honor\u00e9 Mercier School\",\"description\":\"Honor\u00e9 Mercier School\",\"publisher\":{\"@id\":\"https:\\\/\\\/honoremercier.emsb.qc.ca\\\/#organization\"},\"potentialAction\":[{\"@type\":\"SearchAction\",\"target\":{\"@type\":\"EntryPoint\",\"urlTemplate\":\"https:\\\/\\\/honoremercier.emsb.qc.ca\\\/?s={search_term_string}\"},\"query-input\":{\"@type\":\"PropertyValueSpecification\",\"valueRequired\":true,\"valueName\":\"search_term_string\"}}],\"inLanguage\":\"fr-FR\"},{\"@type\":\"Organization\",\"@id\":\"https:\\\/\\\/honoremercier.emsb.qc.ca\\\/#organization\",\"name\":\"Honor\u00e9 Mercier School\",\"url\":\"https:\\\/\\\/honoremercier.emsb.qc.ca\\\/\",\"logo\":{\"@type\":\"ImageObject\",\"inLanguage\":\"fr-FR\",\"@id\":\"https:\\\/\\\/honoremercier.emsb.qc.ca\\\/#\\\/schema\\\/logo\\\/image\\\/\",\"url\":\"https:\\\/\\\/honoremercier.emsb.qc.ca\\\/wp-content\\\/uploads\\\/sites\\\/7\\\/2024\\\/07\\\/Honore-Mercier-crest.png\",\"contentUrl\":\"https:\\\/\\\/honoremercier.emsb.qc.ca\\\/wp-content\\\/uploads\\\/sites\\\/7\\\/2024\\\/07\\\/Honore-Mercier-crest.png\",\"width\":1000,\"height\":909,\"caption\":\"Honor\u00e9 Mercier School\"},\"image\":{\"@id\":\"https:\\\/\\\/honoremercier.emsb.qc.ca\\\/#\\\/schema\\\/logo\\\/image\\\/\"}}]}<\/script>\n<!-- \/ Yoast SEO plugin. -->","yoast_head_json":{"title":"Musique et arts - \u00c9cole Honor\u00e9 Mercier","robots":{"index":"index","follow":"follow","max-snippet":"max-snippet:-1","max-image-preview":"max-image-preview:large","max-video-preview":"max-video-preview:-1"},"canonical":"https:\/\/honoremercier.emsb.qc.ca\/fr\/music-arts\/","og_locale":"fr_FR","og_type":"article","og_title":"Music &amp; Arts - Honor\u00e9 Mercier School","og_description":"Arts &amp; Music At Honor\u00e9 Mercier, we encourage, motivate, and inspire our students to stimulate creativity and bring out their inner artists. Honor\u00e9 Mercier Music Program Why is music important? Early musical training has an effect on brain development to produce long-lasting changes in motor abilities and brain structure. Music education facilitates student academic achievement [&hellip;]","og_url":"https:\/\/honoremercier.emsb.qc.ca\/fr\/music-arts\/","og_site_name":"Honor\u00e9 Mercier School","article_modified_time":"2024-11-01T13:36:58+00:00","og_image":[{"url":"https:\/\/honoremercier.emsb.qc.ca\/wp-content\/uploads\/sites\/7\/elementor\/thumbs\/playing-piano-qw1bvr5bpnamnhiwwydewotglu26ncg731nmjshz20.png","type":"","width":"","height":""}],"twitter_card":"summary_large_image","twitter_misc":{"Dur\u00e9e de lecture estim\u00e9e":"2 minutes"},"schema":{"@context":"https:\/\/schema.org","@graph":[{"@type":"WebPage","@id":"https:\/\/honoremercier.emsb.qc.ca\/music-arts\/","url":"https:\/\/honoremercier.emsb.qc.ca\/music-arts\/","name":"Musique et arts - \u00c9cole Honor\u00e9 Mercier","isPartOf":{"@id":"https:\/\/honoremercier.emsb.qc.ca\/#website"},"primaryImageOfPage":{"@id":"https:\/\/honoremercier.emsb.qc.ca\/music-arts\/#primaryimage"},"image":{"@id":"https:\/\/honoremercier.emsb.qc.ca\/music-arts\/#primaryimage"},"thumbnailUrl":"https:\/\/honoremercier.emsb.qc.ca\/wp-content\/uploads\/sites\/7\/elementor\/thumbs\/playing-piano-qw1bvr5bpnamnhiwwydewotglu26ncg731nmjshz20.png","datePublished":"2024-09-09T17:55:05+00:00","dateModified":"2024-11-01T13:36:58+00:00","breadcrumb":{"@id":"https:\/\/honoremercier.emsb.qc.ca\/music-arts\/#breadcrumb"},"inLanguage":"fr-FR","potentialAction":[{"@type":"ReadAction","target":["https:\/\/honoremercier.emsb.qc.ca\/music-arts\/"]}]},{"@type":"ImageObject","inLanguage":"fr-FR","@id":"https:\/\/honoremercier.emsb.qc.ca\/music-arts\/#primaryimage","url":"https:\/\/honoremercier.emsb.qc.ca\/wp-content\/uploads\/sites\/7\/elementor\/thumbs\/playing-piano-qw1bvr5bpnamnhiwwydewotglu26ncg731nmjshz20.png","contentUrl":"https:\/\/honoremercier.emsb.qc.ca\/wp-content\/uploads\/sites\/7\/elementor\/thumbs\/playing-piano-qw1bvr5bpnamnhiwwydewotglu26ncg731nmjshz20.png"},{"@type":"BreadcrumbList","@id":"https:\/\/honoremercier.emsb.qc.ca\/music-arts\/#breadcrumb","itemListElement":[{"@type":"ListItem","position":1,"name":"Home","item":"https:\/\/honoremercier.emsb.qc.ca\/"},{"@type":"ListItem","position":2,"name":"Music &amp; Arts"}]},{"@type":"WebSite","@id":"https:\/\/honoremercier.emsb.qc.ca\/#website","url":"https:\/\/honoremercier.emsb.qc.ca\/","name":"\u00c9cole Honor\u00e9 Mercier","description":"\u00c9cole Honor\u00e9 Mercier","publisher":{"@id":"https:\/\/honoremercier.emsb.qc.ca\/#organization"},"potentialAction":[{"@type":"SearchAction","target":{"@type":"EntryPoint","urlTemplate":"https:\/\/honoremercier.emsb.qc.ca\/?s={search_term_string}"},"query-input":{"@type":"PropertyValueSpecification","valueRequired":true,"valueName":"search_term_string"}}],"inLanguage":"fr-FR"},{"@type":"Organization","@id":"https:\/\/honoremercier.emsb.qc.ca\/#organization","name":"\u00c9cole Honor\u00e9 Mercier","url":"https:\/\/honoremercier.emsb.qc.ca\/","logo":{"@type":"ImageObject","inLanguage":"fr-FR","@id":"https:\/\/honoremercier.emsb.qc.ca\/#\/schema\/logo\/image\/","url":"https:\/\/honoremercier.emsb.qc.ca\/wp-content\/uploads\/sites\/7\/2024\/07\/Honore-Mercier-crest.png","contentUrl":"https:\/\/honoremercier.emsb.qc.ca\/wp-content\/uploads\/sites\/7\/2024\/07\/Honore-Mercier-crest.png","width":1000,"height":909,"caption":"Honor\u00e9 Mercier School"},"image":{"@id":"https:\/\/honoremercier.emsb.qc.ca\/#\/schema\/logo\/image\/"}}]}},"_links":{"self":[{"href":"https:\/\/honoremercier.emsb.qc.ca\/fr\/wp-json\/wp\/v2\/pages\/11553","targetHints":{"allow":["GET"]}}],"collection":[{"href":"https:\/\/honoremercier.emsb.qc.ca\/fr\/wp-json\/wp\/v2\/pages"}],"about":[{"href":"https:\/\/honoremercier.emsb.qc.ca\/fr\/wp-json\/wp\/v2\/types\/page"}],"author":[{"embeddable":true,"href":"https:\/\/honoremercier.emsb.qc.ca\/fr\/wp-json\/wp\/v2\/users\/11"}],"replies":[{"embeddable":true,"href":"https:\/\/honoremercier.emsb.qc.ca\/fr\/wp-json\/wp\/v2\/comments?post=11553"}],"version-history":[{"count":7,"href":"https:\/\/honoremercier.emsb.qc.ca\/fr\/wp-json\/wp\/v2\/pages\/11553\/revisions"}],"predecessor-version":[{"id":12045,"href":"https:\/\/honoremercier.emsb.qc.ca\/fr\/wp-json\/wp\/v2\/pages\/11553\/revisions\/12045"}],"wp:attachment":[{"href":"https:\/\/honoremercier.emsb.qc.ca\/fr\/wp-json\/wp\/v2\/media?parent=11553"}],"curies":[{"name":"wp","href":"https:\/\/api.w.org\/{rel}","templated":true}]}}