
{"id":11521,"date":"2024-09-09T11:53:42","date_gmt":"2024-09-09T15:53:42","guid":{"rendered":"https:\/\/honoremercier.emsbstaging.com\/?page_id=11521"},"modified":"2024-09-30T15:16:48","modified_gmt":"2024-09-30T19:16:48","slug":"science-technology-robotics","status":"publish","type":"page","link":"https:\/\/honoremercier.emsb.qc.ca\/fr\/science-technology-robotics\/","title":{"rendered":"Science et technologie et robotique"},"content":{"rendered":"<div data-elementor-type=\"wp-page\" data-elementor-id=\"11521\" class=\"elementor elementor-11521\" data-elementor-post-type=\"page\">\n\t\t\t\t\t\t<section class=\"elementor-section elementor-top-section elementor-element elementor-element-3195d8b6 elementor-section-full_width elementor-section-height-default elementor-section-height-default\" data-id=\"3195d8b6\" data-element_type=\"section\" data-e-type=\"section\" data-settings=\"{&quot;jet_parallax_layout_list&quot;:[]}\">\n\t\t\t\t\t\t<div class=\"elementor-container elementor-column-gap-default\">\n\t\t\t\t\t<div class=\"elementor-column elementor-col-100 elementor-top-column elementor-element elementor-element-2a06b17a\" data-id=\"2a06b17a\" data-element_type=\"column\" data-e-type=\"column\">\n\t\t\t<div class=\"elementor-widget-wrap elementor-element-populated\">\n\t\t\t\t\t\t<div class=\"elementor-element elementor-element-6c884ea0 elementor-widget elementor-widget-image\" data-id=\"6c884ea0\" data-element_type=\"widget\" data-e-type=\"widget\" data-widget_type=\"image.default\">\n\t\t\t\t<div class=\"elementor-widget-container\">\n\t\t\t\t\t\t\t\t\t\t\t\t\t\t\t<img decoding=\"async\" src=\"https:\/\/honoremercier.emsb.qc.ca\/wp-content\/uploads\/sites\/7\/elementor\/thumbs\/students-listening-teacher-qw1bvr5bpnamnhiwwydewotglu26ncg731nmjshz20.png\" title=\"les \u00e9l\u00e8ves \u00e9coutent l&#039;enseignant\" alt=\"students listening teacher\" loading=\"lazy\" \/>\t\t\t\t\t\t\t\t\t\t\t\t\t\t\t<\/div>\n\t\t\t\t<\/div>\n\t\t\t\t\t<\/div>\n\t\t<\/div>\n\t\t\t\t\t<\/div>\n\t\t<\/section>\n\t\t\t\t<section class=\"elementor-section elementor-top-section elementor-element elementor-element-11d4aed elementor-section-boxed elementor-section-height-default elementor-section-height-default\" data-id=\"11d4aed\" data-element_type=\"section\" data-e-type=\"section\" data-settings=\"{&quot;jet_parallax_layout_list&quot;:[]}\">\n\t\t\t\t\t\t<div class=\"elementor-container elementor-column-gap-default\">\n\t\t\t\t\t<div class=\"elementor-column elementor-col-100 elementor-top-column elementor-element elementor-element-b93f0d0\" data-id=\"b93f0d0\" data-element_type=\"column\" data-e-type=\"column\">\n\t\t\t<div class=\"elementor-widget-wrap elementor-element-populated\">\n\t\t\t\t\t\t<div class=\"elementor-element elementor-element-882a37e elementor-widget elementor-widget-spacer\" data-id=\"882a37e\" data-element_type=\"widget\" data-e-type=\"widget\" data-widget_type=\"spacer.default\">\n\t\t\t\t<div class=\"elementor-widget-container\">\n\t\t\t\t\t\t\t<div class=\"elementor-spacer\">\n\t\t\t<div class=\"elementor-spacer-inner\"><\/div>\n\t\t<\/div>\n\t\t\t\t\t\t<\/div>\n\t\t\t\t<\/div>\n\t\t\t\t\t<\/div>\n\t\t<\/div>\n\t\t\t\t\t<\/div>\n\t\t<\/section>\n\t\t\t\t<section class=\"elementor-section elementor-top-section elementor-element elementor-element-2293ab47 elementor-section-boxed elementor-section-height-default elementor-section-height-default\" data-id=\"2293ab47\" data-element_type=\"section\" data-e-type=\"section\" data-settings=\"{&quot;jet_parallax_layout_list&quot;:[]}\">\n\t\t\t\t\t\t<div class=\"elementor-container elementor-column-gap-no\">\n\t\t\t\t\t<div class=\"elementor-column elementor-col-100 elementor-top-column elementor-element elementor-element-1cee71d8\" data-id=\"1cee71d8\" data-element_type=\"column\" data-e-type=\"column\">\n\t\t\t<div class=\"elementor-widget-wrap elementor-element-populated\">\n\t\t\t\t\t\t<div class=\"elementor-element elementor-element-1c08fca elementor-widget__width-auto elementor-widget elementor-widget-heading\" data-id=\"1c08fca\" data-element_type=\"widget\" data-e-type=\"widget\" data-widget_type=\"heading.default\">\n\t\t\t\t<div class=\"elementor-widget-container\">\n\t\t\t\t\t<h2 class=\"elementor-heading-title elementor-size-default\">STIAM &amp;<\/h2>\t\t\t\t<\/div>\n\t\t\t\t<\/div>\n\t\t\t\t<div class=\"elementor-element elementor-element-69f05a2d elementor-widget__width-initial elementor-widget elementor-widget-heading\" data-id=\"69f05a2d\" data-element_type=\"widget\" data-e-type=\"widget\" data-widget_type=\"heading.default\">\n\t\t\t\t<div class=\"elementor-widget-container\">\n\t\t\t\t\t<h2 class=\"elementor-heading-title elementor-size-default\"> Robotique<\/h2>\t\t\t\t<\/div>\n\t\t\t\t<\/div>\n\t\t\t\t\t<\/div>\n\t\t<\/div>\n\t\t\t\t\t<\/div>\n\t\t<\/section>\n\t\t\t\t<section class=\"elementor-section elementor-top-section elementor-element elementor-element-171354d elementor-section-boxed elementor-section-height-default elementor-section-height-default\" data-id=\"171354d\" data-element_type=\"section\" data-e-type=\"section\" data-settings=\"{&quot;jet_parallax_layout_list&quot;:[]}\">\n\t\t\t\t\t\t<div class=\"elementor-container elementor-column-gap-default\">\n\t\t\t\t\t<div class=\"elementor-column elementor-col-100 elementor-top-column elementor-element elementor-element-ad64d88\" data-id=\"ad64d88\" data-element_type=\"column\" data-e-type=\"column\">\n\t\t\t<div class=\"elementor-widget-wrap elementor-element-populated\">\n\t\t\t\t\t\t<div class=\"elementor-element elementor-element-66e84f2 elementor-widget elementor-widget-text-editor\" data-id=\"66e84f2\" data-element_type=\"widget\" data-e-type=\"widget\" data-widget_type=\"text-editor.default\">\n\t\t\t\t<div class=\"elementor-widget-container\">\n\t\t\t\t\t\t\t\t\t<h3>Les \u00e9l\u00e8ves d'Honor\u00e9 Mercier sont passionn\u00e9s par les sciences !<\/h3><p>D\u00e8s leur entr\u00e9e \u00e0 l'\u00e9cole primaire, nos \u00e9l\u00e8ves de maternelle et de cycle 1 sont expos\u00e9s \u00e0 la recherche scientifique par le biais d'un apprentissage pratique.<\/p><p>Les \u00e9l\u00e8ves des cycles 2 et 3 ont la possibilit\u00e9 d'explorer les sciences et les technologies en fran\u00e7ais. Il s'articule autour de 3 concepts scientifiques :\u00a0<em>Les \u00eatres vivants<\/em>,\u00a0<em>Terre et espace<\/em>\u00a0et le\u00a0<em>Monde mat\u00e9riel<\/em>.<\/p><p>Les cours de sciences apportent aux \u00e9l\u00e8ves les connaissances dont ils ont besoin pour s'interroger sur le monde qui les entoure. La technologie est int\u00e9gr\u00e9e \u00e0 l'ensemble de notre programme d'\u00e9tudes.<\/p><p>Les \u00e9l\u00e8ves obtiennent continuellement de tr\u00e8s bon r\u00e9sultats \u00e0 l\u00a0<a href=\"http:\/\/exposciences.qc.ca\/en\">Expo-sciences r\u00e9gionale du Qu\u00e9bec<\/a>.  Ils reviennent r\u00e9guli\u00e8rement avec des m\u00e9dailles d'or, d'argent et de bronze pour leurs excellents projets scientifiques !  Nous avons un programme exceptionnel qui encourage nos enfants \u00e0 exceller avec facilit\u00e9.<\/p>\t\t\t\t\t\t\t\t<\/div>\n\t\t\t\t<\/div>\n\t\t\t\t<div class=\"elementor-element elementor-element-2f245d2 elementor-widget elementor-widget-text-editor\" data-id=\"2f245d2\" data-element_type=\"widget\" data-e-type=\"widget\" data-widget_type=\"text-editor.default\">\n\t\t\t\t<div class=\"elementor-widget-container\">\n\t\t\t\t\t\t\t\t\t<h3>Concepts scientifiques \/ Connaissances essentielles<\/h3><table class=\"table table-responsive table-striped\"><tbody><tr><th>Monde mat\u00e9riel<\/th><th>Terre et espace<\/th><th>Les \u00eatres vivants<\/th><\/tr><tr><td width=\"25%\"><ul><li>Propri\u00e9t\u00e9s, caract\u00e9ristiques et changements de la mati\u00e8re dans diff\u00e9rents \u00e9tats<\/li><li>Formes, transmission et transformation de l'\u00e9nergie<\/li><li>Gravit\u00e9, attraction \u00e9lectrostatique et magn\u00e9tique<\/li><li>Machines simples, syst\u00e8mes \u00e9lectriques et transport de l'\u00e9nergie<\/li><li>Utilisation d'instruments et de machines de mesure simples<\/li><\/ul><\/td><td width=\"25%\"><ul><li>Propri\u00e9t\u00e9s, caract\u00e9ristiques, organisation et transformation de la mati\u00e8re sur Terre<\/li><li>Sources, transmission et transformation de l'\u00e9nergie consommable<\/li><li>Forces et mouvements qui affectent la Terre<\/li><li>La plan\u00e8te Terre, le syst\u00e8me solaire, les \u00e9toiles et les galaxies<\/li><li>Syst\u00e8mes m\u00e9t\u00e9orologiques, technologies atmosph\u00e9riques et g\u00e9ologiques<\/li><li>Utilisation d'instruments de mesure et d'observation et leur mode de fabrication<\/li><\/ul><\/td><td width=\"25%\"><ul><li>Caract\u00e9ristiques, organisation et transformations des plantes, des animaux et des \u00eatres humains<\/li><li>Sources et transformation de l'\u00e9nergie dans les \u00eatres vivants<\/li><li>Types de mouvement chez les animaux et les plantes<\/li><li>Interaction entre les organismes vivants, les \u00eatres humains et leur environnement<\/li><li>Technologies environnementales<\/li><li>Utilisation d'instruments de mesure et d'observation<\/li><li>Conception et fabrication d'environnements ferm\u00e9s<\/li><\/ul><\/td><\/tr><\/tbody><\/table>\t\t\t\t\t\t\t\t<\/div>\n\t\t\t\t<\/div>\n\t\t\t\t<div class=\"elementor-element elementor-element-5b6e79e elementor-widget elementor-widget-text-editor\" data-id=\"5b6e79e\" data-element_type=\"widget\" data-e-type=\"widget\" data-widget_type=\"text-editor.default\">\n\t\t\t\t<div class=\"elementor-widget-container\">\n\t\t\t\t\t\t\t\t\t<h3>Qu'est-ce que STIAM?<\/h3><p>STIAM repr\u00e9sente une initiative multidisciplinaire qui favorise la cr\u00e9ativit\u00e9 et un haut niveau de d'implication des \u00e9l\u00e8ves, car ils r\u00e9alisent une s\u00e9rie de projets de groupe qui non seulement impliquent cinq domaines de mati\u00e8res scolaires, mais les rendent \u00e9galement plus pertinents, cr\u00e9atifs, bas\u00e9s sur la d\u00e9couverte tout en \u00e9tant plus int\u00e9ressants pour les \u00e9l\u00e8ves.<\/p><p>Populaire dans les \u00e9coles de Chine, d'Inde et des \u00c9tats-Unis, le programme STIAM fait participer les \u00e9l\u00e8ves \u00e0 des travaux pratiques, par essais et erreurs, en les impliquant dans une s\u00e9rie de projets interactifs qui int\u00e8grent les cinq disciplines p\u00e9dagogiques qui composent l'acronyme STIAM, en utilisant les appareils technologiques les plus r\u00e9cents et les mat\u00e9riaux de construction les plus simples. Les projets impliquent les \u00e9l\u00e8ves dans une dynamique de groupe, car ils travaillent ensemble en conceptualisant, en communiquant, en collaborant et en construisant dans des situations concr\u00e8tes qui leur sont donn\u00e9es par leur enseignant. En retour, ils d\u00e9couvrent ensemble comment les choses fonctionnent par des actions, en introduisant dans la salle de classe une approche plus ax\u00e9e sur la r\u00e9alit\u00e9. Par cons\u00e9quent, ces projets STIAM favorisent non seulement la communication, la conceptualisation et la collaboration, mais aussi la curiosit\u00e9, la cr\u00e9ativit\u00e9 et l'esprit critique.<\/p><p>Le c\u0153ur du programme STIAM est le \u00ab laboratoire ouvert \u00bb, qui est g\u00e9n\u00e9ralement une salle de classe reconvertie et inutilis\u00e9e. Il met les outils et les fournitures \u00e0 la disposition des \u00e9l\u00e8ves pour qu'ils les utilisent dans le cadre de l'exercice ou du projet en question et contribue \u00e0 cr\u00e9er une atmosph\u00e8re propice \u00e0 la cr\u00e9ativit\u00e9 et \u00e0 l'apprentissage.<\/p>\t\t\t\t\t\t\t\t<\/div>\n\t\t\t\t<\/div>\n\t\t\t\t\t<\/div>\n\t\t<\/div>\n\t\t\t\t\t<\/div>\n\t\t<\/section>\n\t\t\t\t<\/div>","protected":false},"excerpt":{"rendered":"<p>STEAM &amp; Robotics Honor\u00e9 Mercier students are passionate about science! From the start of their elementary school experience, our kindergarten and cycle 1 students are exposed to scientific inquiry through hands on learning. Cycle 2 and 3 students have the opportunity to explore science and technology in French. It is based on 3 scientific concepts:\u00a0Living [&hellip;]<\/p>\n","protected":false},"author":11,"featured_media":0,"parent":0,"menu_order":0,"comment_status":"closed","ping_status":"closed","template":"","meta":{"site-sidebar-layout":"no-sidebar","site-content-layout":"page-builder","ast-site-content-layout":"full-width-container","site-content-style":"unboxed","site-sidebar-style":"unboxed","ast-global-header-display":"","ast-banner-title-visibility":"","ast-main-header-display":"","ast-hfb-above-header-display":"","ast-hfb-below-header-display":"","ast-hfb-mobile-header-display":"","site-post-title":"disabled","ast-breadcrumbs-content":"","ast-featured-img":"disabled","footer-sml-layout":"","ast-disable-related-posts":"","theme-transparent-header-meta":"default","adv-header-id-meta":"","stick-header-meta":"","header-above-stick-meta":"","header-main-stick-meta":"","header-below-stick-meta":"","astra-migrate-meta-layouts":"set","ast-page-background-enabled":"default","ast-page-background-meta":{"desktop":{"background-color":"var(--ast-global-color-4)","background-image":"","background-repeat":"repeat","background-position":"center center","background-size":"auto","background-attachment":"scroll","background-type":"","background-media":"","overlay-type":"","overlay-color":"","overlay-opacity":"","overlay-gradient":""},"tablet":{"background-color":"","background-image":"","background-repeat":"repeat","background-position":"center center","background-size":"auto","background-attachment":"scroll","background-type":"","background-media":"","overlay-type":"","overlay-color":"","overlay-opacity":"","overlay-gradient":""},"mobile":{"background-color":"","background-image":"","background-repeat":"repeat","background-position":"center center","background-size":"auto","background-attachment":"scroll","background-type":"","background-media":"","overlay-type":"","overlay-color":"","overlay-opacity":"","overlay-gradient":""}},"ast-content-background-meta":{"desktop":{"background-color":"var(--ast-global-color-5)","background-image":"","background-repeat":"repeat","background-position":"center center","background-size":"auto","background-attachment":"scroll","background-type":"","background-media":"","overlay-type":"","overlay-color":"","overlay-opacity":"","overlay-gradient":""},"tablet":{"background-color":"var(--ast-global-color-5)","background-image":"","background-repeat":"repeat","background-position":"center center","background-size":"auto","background-attachment":"scroll","background-type":"","background-media":"","overlay-type":"","overlay-color":"","overlay-opacity":"","overlay-gradient":""},"mobile":{"background-color":"var(--ast-global-color-5)","background-image":"","background-repeat":"repeat","background-position":"center center","background-size":"auto","background-attachment":"scroll","background-type":"","background-media":"","overlay-type":"","overlay-color":"","overlay-opacity":"","overlay-gradient":""}},"footnotes":""},"class_list":["post-11521","page","type-page","status-publish","hentry"],"yoast_head":"<!-- This site is optimized with the Yoast SEO plugin v27.3 - https:\/\/yoast.com\/product\/yoast-seo-wordpress\/ -->\n<title>Science &amp; Technology &amp; Robotics - Honor\u00e9 Mercier School<\/title>\n<meta name=\"robots\" content=\"index, follow, max-snippet:-1, max-image-preview:large, max-video-preview:-1\" \/>\n<link rel=\"canonical\" href=\"https:\/\/honoremercier.emsb.qc.ca\/fr\/science-technology-robotics\/\" \/>\n<meta property=\"og:locale\" content=\"fr_FR\" \/>\n<meta property=\"og:type\" content=\"article\" \/>\n<meta property=\"og:title\" content=\"Science &amp; Technology &amp; Robotics - Honor\u00e9 Mercier School\" \/>\n<meta property=\"og:description\" content=\"STEAM &amp; Robotics Honor\u00e9 Mercier students are passionate about science! From the start of their elementary school experience, our kindergarten and cycle 1 students are exposed to scientific inquiry through hands on learning. Cycle 2 and 3 students have the opportunity to explore science and technology in French. It is based on 3 scientific concepts:\u00a0Living [&hellip;]\" \/>\n<meta property=\"og:url\" content=\"https:\/\/honoremercier.emsb.qc.ca\/fr\/science-technology-robotics\/\" \/>\n<meta property=\"og:site_name\" content=\"Honor\u00e9 Mercier School\" \/>\n<meta property=\"article:modified_time\" content=\"2024-09-30T19:16:48+00:00\" \/>\n<meta property=\"og:image\" content=\"https:\/\/honoremercier.emsb.qc.ca\/wp-content\/uploads\/sites\/7\/elementor\/thumbs\/students-listening-teacher-qtq09u9rckpy7n37sy6sy23rugvr82uy2edzwqaeuw.png\" \/>\n<meta name=\"twitter:card\" content=\"summary_large_image\" \/>\n<meta name=\"twitter:label1\" content=\"Dur\u00e9e de lecture estim\u00e9e\" \/>\n\t<meta name=\"twitter:data1\" content=\"2 minutes\" \/>\n<script type=\"application\/ld+json\" class=\"yoast-schema-graph\">{\"@context\":\"https:\\\/\\\/schema.org\",\"@graph\":[{\"@type\":\"WebPage\",\"@id\":\"https:\\\/\\\/honoremercier.emsb.qc.ca\\\/science-technology-robotics\\\/\",\"url\":\"https:\\\/\\\/honoremercier.emsb.qc.ca\\\/science-technology-robotics\\\/\",\"name\":\"Science &amp; Technology &amp; Robotics - Honor\u00e9 Mercier School\",\"isPartOf\":{\"@id\":\"https:\\\/\\\/honoremercier.emsb.qc.ca\\\/#website\"},\"primaryImageOfPage\":{\"@id\":\"https:\\\/\\\/honoremercier.emsb.qc.ca\\\/science-technology-robotics\\\/#primaryimage\"},\"image\":{\"@id\":\"https:\\\/\\\/honoremercier.emsb.qc.ca\\\/science-technology-robotics\\\/#primaryimage\"},\"thumbnailUrl\":\"https:\\\/\\\/honoremercier.emsb.qc.ca\\\/wp-content\\\/uploads\\\/sites\\\/7\\\/elementor\\\/thumbs\\\/students-listening-teacher-qtq09u9rckpy7n37sy6sy23rugvr82uy2edzwqaeuw.png\",\"datePublished\":\"2024-09-09T15:53:42+00:00\",\"dateModified\":\"2024-09-30T19:16:48+00:00\",\"breadcrumb\":{\"@id\":\"https:\\\/\\\/honoremercier.emsb.qc.ca\\\/science-technology-robotics\\\/#breadcrumb\"},\"inLanguage\":\"fr-FR\",\"potentialAction\":[{\"@type\":\"ReadAction\",\"target\":[\"https:\\\/\\\/honoremercier.emsb.qc.ca\\\/science-technology-robotics\\\/\"]}]},{\"@type\":\"ImageObject\",\"inLanguage\":\"fr-FR\",\"@id\":\"https:\\\/\\\/honoremercier.emsb.qc.ca\\\/science-technology-robotics\\\/#primaryimage\",\"url\":\"https:\\\/\\\/honoremercier.emsb.qc.ca\\\/wp-content\\\/uploads\\\/sites\\\/7\\\/elementor\\\/thumbs\\\/students-listening-teacher-qtq09u9rckpy7n37sy6sy23rugvr82uy2edzwqaeuw.png\",\"contentUrl\":\"https:\\\/\\\/honoremercier.emsb.qc.ca\\\/wp-content\\\/uploads\\\/sites\\\/7\\\/elementor\\\/thumbs\\\/students-listening-teacher-qtq09u9rckpy7n37sy6sy23rugvr82uy2edzwqaeuw.png\"},{\"@type\":\"BreadcrumbList\",\"@id\":\"https:\\\/\\\/honoremercier.emsb.qc.ca\\\/science-technology-robotics\\\/#breadcrumb\",\"itemListElement\":[{\"@type\":\"ListItem\",\"position\":1,\"name\":\"Home\",\"item\":\"https:\\\/\\\/honoremercier.emsb.qc.ca\\\/\"},{\"@type\":\"ListItem\",\"position\":2,\"name\":\"Science &amp; Technology &amp; Robotics\"}]},{\"@type\":\"WebSite\",\"@id\":\"https:\\\/\\\/honoremercier.emsb.qc.ca\\\/#website\",\"url\":\"https:\\\/\\\/honoremercier.emsb.qc.ca\\\/\",\"name\":\"Honor\u00e9 Mercier School\",\"description\":\"Honor\u00e9 Mercier School\",\"publisher\":{\"@id\":\"https:\\\/\\\/honoremercier.emsb.qc.ca\\\/#organization\"},\"potentialAction\":[{\"@type\":\"SearchAction\",\"target\":{\"@type\":\"EntryPoint\",\"urlTemplate\":\"https:\\\/\\\/honoremercier.emsb.qc.ca\\\/?s={search_term_string}\"},\"query-input\":{\"@type\":\"PropertyValueSpecification\",\"valueRequired\":true,\"valueName\":\"search_term_string\"}}],\"inLanguage\":\"fr-FR\"},{\"@type\":\"Organization\",\"@id\":\"https:\\\/\\\/honoremercier.emsb.qc.ca\\\/#organization\",\"name\":\"Honor\u00e9 Mercier School\",\"url\":\"https:\\\/\\\/honoremercier.emsb.qc.ca\\\/\",\"logo\":{\"@type\":\"ImageObject\",\"inLanguage\":\"fr-FR\",\"@id\":\"https:\\\/\\\/honoremercier.emsb.qc.ca\\\/#\\\/schema\\\/logo\\\/image\\\/\",\"url\":\"https:\\\/\\\/honoremercier.emsb.qc.ca\\\/wp-content\\\/uploads\\\/sites\\\/7\\\/2024\\\/07\\\/Honore-Mercier-crest.png\",\"contentUrl\":\"https:\\\/\\\/honoremercier.emsb.qc.ca\\\/wp-content\\\/uploads\\\/sites\\\/7\\\/2024\\\/07\\\/Honore-Mercier-crest.png\",\"width\":1000,\"height\":909,\"caption\":\"Honor\u00e9 Mercier School\"},\"image\":{\"@id\":\"https:\\\/\\\/honoremercier.emsb.qc.ca\\\/#\\\/schema\\\/logo\\\/image\\\/\"}}]}<\/script>\n<!-- \/ Yoast SEO plugin. -->","yoast_head_json":{"title":"Sciences et technologies et robotique - \u00c9cole Honor\u00e9 Mercier","robots":{"index":"index","follow":"follow","max-snippet":"max-snippet:-1","max-image-preview":"max-image-preview:large","max-video-preview":"max-video-preview:-1"},"canonical":"https:\/\/honoremercier.emsb.qc.ca\/fr\/science-technology-robotics\/","og_locale":"fr_FR","og_type":"article","og_title":"Science &amp; Technology &amp; Robotics - Honor\u00e9 Mercier School","og_description":"STEAM &amp; Robotics Honor\u00e9 Mercier students are passionate about science! From the start of their elementary school experience, our kindergarten and cycle 1 students are exposed to scientific inquiry through hands on learning. Cycle 2 and 3 students have the opportunity to explore science and technology in French. It is based on 3 scientific concepts:\u00a0Living [&hellip;]","og_url":"https:\/\/honoremercier.emsb.qc.ca\/fr\/science-technology-robotics\/","og_site_name":"Honor\u00e9 Mercier School","article_modified_time":"2024-09-30T19:16:48+00:00","og_image":[{"url":"https:\/\/honoremercier.emsb.qc.ca\/wp-content\/uploads\/sites\/7\/elementor\/thumbs\/students-listening-teacher-qtq09u9rckpy7n37sy6sy23rugvr82uy2edzwqaeuw.png","type":"","width":"","height":""}],"twitter_card":"summary_large_image","twitter_misc":{"Dur\u00e9e de lecture estim\u00e9e":"2 minutes"},"schema":{"@context":"https:\/\/schema.org","@graph":[{"@type":"WebPage","@id":"https:\/\/honoremercier.emsb.qc.ca\/science-technology-robotics\/","url":"https:\/\/honoremercier.emsb.qc.ca\/science-technology-robotics\/","name":"Sciences et technologies et robotique - \u00c9cole Honor\u00e9 Mercier","isPartOf":{"@id":"https:\/\/honoremercier.emsb.qc.ca\/#website"},"primaryImageOfPage":{"@id":"https:\/\/honoremercier.emsb.qc.ca\/science-technology-robotics\/#primaryimage"},"image":{"@id":"https:\/\/honoremercier.emsb.qc.ca\/science-technology-robotics\/#primaryimage"},"thumbnailUrl":"https:\/\/honoremercier.emsb.qc.ca\/wp-content\/uploads\/sites\/7\/elementor\/thumbs\/students-listening-teacher-qtq09u9rckpy7n37sy6sy23rugvr82uy2edzwqaeuw.png","datePublished":"2024-09-09T15:53:42+00:00","dateModified":"2024-09-30T19:16:48+00:00","breadcrumb":{"@id":"https:\/\/honoremercier.emsb.qc.ca\/science-technology-robotics\/#breadcrumb"},"inLanguage":"fr-FR","potentialAction":[{"@type":"ReadAction","target":["https:\/\/honoremercier.emsb.qc.ca\/science-technology-robotics\/"]}]},{"@type":"ImageObject","inLanguage":"fr-FR","@id":"https:\/\/honoremercier.emsb.qc.ca\/science-technology-robotics\/#primaryimage","url":"https:\/\/honoremercier.emsb.qc.ca\/wp-content\/uploads\/sites\/7\/elementor\/thumbs\/students-listening-teacher-qtq09u9rckpy7n37sy6sy23rugvr82uy2edzwqaeuw.png","contentUrl":"https:\/\/honoremercier.emsb.qc.ca\/wp-content\/uploads\/sites\/7\/elementor\/thumbs\/students-listening-teacher-qtq09u9rckpy7n37sy6sy23rugvr82uy2edzwqaeuw.png"},{"@type":"BreadcrumbList","@id":"https:\/\/honoremercier.emsb.qc.ca\/science-technology-robotics\/#breadcrumb","itemListElement":[{"@type":"ListItem","position":1,"name":"Home","item":"https:\/\/honoremercier.emsb.qc.ca\/"},{"@type":"ListItem","position":2,"name":"Science &amp; Technology &amp; Robotics"}]},{"@type":"WebSite","@id":"https:\/\/honoremercier.emsb.qc.ca\/#website","url":"https:\/\/honoremercier.emsb.qc.ca\/","name":"\u00c9cole Honor\u00e9 Mercier","description":"\u00c9cole Honor\u00e9 Mercier","publisher":{"@id":"https:\/\/honoremercier.emsb.qc.ca\/#organization"},"potentialAction":[{"@type":"SearchAction","target":{"@type":"EntryPoint","urlTemplate":"https:\/\/honoremercier.emsb.qc.ca\/?s={search_term_string}"},"query-input":{"@type":"PropertyValueSpecification","valueRequired":true,"valueName":"search_term_string"}}],"inLanguage":"fr-FR"},{"@type":"Organization","@id":"https:\/\/honoremercier.emsb.qc.ca\/#organization","name":"\u00c9cole Honor\u00e9 Mercier","url":"https:\/\/honoremercier.emsb.qc.ca\/","logo":{"@type":"ImageObject","inLanguage":"fr-FR","@id":"https:\/\/honoremercier.emsb.qc.ca\/#\/schema\/logo\/image\/","url":"https:\/\/honoremercier.emsb.qc.ca\/wp-content\/uploads\/sites\/7\/2024\/07\/Honore-Mercier-crest.png","contentUrl":"https:\/\/honoremercier.emsb.qc.ca\/wp-content\/uploads\/sites\/7\/2024\/07\/Honore-Mercier-crest.png","width":1000,"height":909,"caption":"Honor\u00e9 Mercier School"},"image":{"@id":"https:\/\/honoremercier.emsb.qc.ca\/#\/schema\/logo\/image\/"}}]}},"_links":{"self":[{"href":"https:\/\/honoremercier.emsb.qc.ca\/fr\/wp-json\/wp\/v2\/pages\/11521","targetHints":{"allow":["GET"]}}],"collection":[{"href":"https:\/\/honoremercier.emsb.qc.ca\/fr\/wp-json\/wp\/v2\/pages"}],"about":[{"href":"https:\/\/honoremercier.emsb.qc.ca\/fr\/wp-json\/wp\/v2\/types\/page"}],"author":[{"embeddable":true,"href":"https:\/\/honoremercier.emsb.qc.ca\/fr\/wp-json\/wp\/v2\/users\/11"}],"replies":[{"embeddable":true,"href":"https:\/\/honoremercier.emsb.qc.ca\/fr\/wp-json\/wp\/v2\/comments?post=11521"}],"version-history":[{"count":8,"href":"https:\/\/honoremercier.emsb.qc.ca\/fr\/wp-json\/wp\/v2\/pages\/11521\/revisions"}],"predecessor-version":[{"id":11815,"href":"https:\/\/honoremercier.emsb.qc.ca\/fr\/wp-json\/wp\/v2\/pages\/11521\/revisions\/11815"}],"wp:attachment":[{"href":"https:\/\/honoremercier.emsb.qc.ca\/fr\/wp-json\/wp\/v2\/media?parent=11521"}],"curies":[{"name":"wp","href":"https:\/\/api.w.org\/{rel}","templated":true}]}}