
{"id":11313,"date":"2024-08-28T14:37:34","date_gmt":"2024-08-28T18:37:34","guid":{"rendered":"https:\/\/honoremercier.emsbstaging.com\/?page_id=11313"},"modified":"2025-06-19T16:33:26","modified_gmt":"2025-06-19T20:33:26","slug":"school-fees","status":"publish","type":"page","link":"https:\/\/honoremercier.emsb.qc.ca\/fr\/school-fees\/","title":{"rendered":"Frais de scolarit\u00e9"},"content":{"rendered":"<div data-elementor-type=\"wp-page\" data-elementor-id=\"11313\" class=\"elementor elementor-11313\" data-elementor-post-type=\"page\">\n\t\t\t\t\t\t<section class=\"elementor-section elementor-top-section elementor-element elementor-element-3195d8b6 elementor-section-full_width elementor-section-height-default elementor-section-height-default\" data-id=\"3195d8b6\" data-element_type=\"section\" data-e-type=\"section\" data-settings=\"{&quot;jet_parallax_layout_list&quot;:[]}\">\n\t\t\t\t\t\t<div class=\"elementor-container elementor-column-gap-default\">\n\t\t\t\t\t<div class=\"elementor-column elementor-col-100 elementor-top-column elementor-element elementor-element-2a06b17a\" data-id=\"2a06b17a\" data-element_type=\"column\" data-e-type=\"column\">\n\t\t\t<div class=\"elementor-widget-wrap elementor-element-populated\">\n\t\t\t\t\t\t<div class=\"elementor-element elementor-element-6c884ea0 elementor-widget elementor-widget-image\" data-id=\"6c884ea0\" data-element_type=\"widget\" data-e-type=\"widget\" data-widget_type=\"image.default\">\n\t\t\t\t<div class=\"elementor-widget-container\">\n\t\t\t\t\t\t\t\t\t\t\t\t\t\t\t<img fetchpriority=\"high\" decoding=\"async\" width=\"768\" height=\"151\" src=\"https:\/\/honoremercier.emsb.qc.ca\/wp-content\/uploads\/sites\/7\/2024\/04\/janko-ferlic-sfL_QOnmy00-unsplash123-768x151.jpg\" class=\"attachment-medium_large size-medium_large wp-image-9273\" alt=\"\" srcset=\"https:\/\/honoremercier.emsb.qc.ca\/wp-content\/uploads\/sites\/7\/2024\/04\/janko-ferlic-sfL_QOnmy00-unsplash123-768x151.jpg 768w, https:\/\/honoremercier.emsb.qc.ca\/wp-content\/uploads\/sites\/7\/2024\/04\/janko-ferlic-sfL_QOnmy00-unsplash123-300x59.jpg 300w, https:\/\/honoremercier.emsb.qc.ca\/wp-content\/uploads\/sites\/7\/2024\/04\/janko-ferlic-sfL_QOnmy00-unsplash123-1024x201.jpg 1024w, https:\/\/honoremercier.emsb.qc.ca\/wp-content\/uploads\/sites\/7\/2024\/04\/janko-ferlic-sfL_QOnmy00-unsplash123-1536x302.jpg 1536w, https:\/\/honoremercier.emsb.qc.ca\/wp-content\/uploads\/sites\/7\/2024\/04\/janko-ferlic-sfL_QOnmy00-unsplash123-18x4.jpg 18w, https:\/\/honoremercier.emsb.qc.ca\/wp-content\/uploads\/sites\/7\/2024\/04\/janko-ferlic-sfL_QOnmy00-unsplash123.jpg 1745w\" sizes=\"(max-width: 768px) 100vw, 768px\" \/>\t\t\t\t\t\t\t\t\t\t\t\t\t\t\t<\/div>\n\t\t\t\t<\/div>\n\t\t\t\t<div class=\"elementor-element elementor-element-6c91e9e elementor-widget elementor-widget-spacer\" data-id=\"6c91e9e\" data-element_type=\"widget\" data-e-type=\"widget\" data-widget_type=\"spacer.default\">\n\t\t\t\t<div class=\"elementor-widget-container\">\n\t\t\t\t\t\t\t<div class=\"elementor-spacer\">\n\t\t\t<div class=\"elementor-spacer-inner\"><\/div>\n\t\t<\/div>\n\t\t\t\t\t\t<\/div>\n\t\t\t\t<\/div>\n\t\t\t\t\t<\/div>\n\t\t<\/div>\n\t\t\t\t\t<\/div>\n\t\t<\/section>\n\t\t\t\t<section class=\"elementor-section elementor-top-section elementor-element elementor-element-2293ab47 elementor-section-boxed elementor-section-height-default elementor-section-height-default\" data-id=\"2293ab47\" data-element_type=\"section\" data-e-type=\"section\" data-settings=\"{&quot;jet_parallax_layout_list&quot;:[]}\">\n\t\t\t\t\t\t<div class=\"elementor-container elementor-column-gap-no\">\n\t\t\t\t\t<div class=\"elementor-column elementor-col-100 elementor-top-column elementor-element elementor-element-1cee71d8\" data-id=\"1cee71d8\" data-element_type=\"column\" data-e-type=\"column\">\n\t\t\t<div class=\"elementor-widget-wrap elementor-element-populated\">\n\t\t\t\t\t\t<div class=\"elementor-element elementor-element-1c08fca elementor-widget__width-auto elementor-widget elementor-widget-heading\" data-id=\"1c08fca\" data-element_type=\"widget\" data-e-type=\"widget\" data-widget_type=\"heading.default\">\n\t\t\t\t<div class=\"elementor-widget-container\">\n\t\t\t\t\t<h2 class=\"elementor-heading-title elementor-size-default\">FRAIS DE<\/h2>\t\t\t\t<\/div>\n\t\t\t\t<\/div>\n\t\t\t\t<div class=\"elementor-element elementor-element-69f05a2d elementor-widget__width-initial elementor-widget elementor-widget-heading\" data-id=\"69f05a2d\" data-element_type=\"widget\" data-e-type=\"widget\" data-widget_type=\"heading.default\">\n\t\t\t\t<div class=\"elementor-widget-container\">\n\t\t\t\t\t<h2 class=\"elementor-heading-title elementor-size-default\">SCOLARIT\u00c9<\/h2>\t\t\t\t<\/div>\n\t\t\t\t<\/div>\n\t\t\t\t<section class=\"elementor-section elementor-inner-section elementor-element elementor-element-c1965f9 elementor-section-boxed elementor-section-height-default elementor-section-height-default\" data-id=\"c1965f9\" data-element_type=\"section\" data-e-type=\"section\" data-settings=\"{&quot;jet_parallax_layout_list&quot;:[]}\">\n\t\t\t\t\t\t<div class=\"elementor-container elementor-column-gap-default\">\n\t\t\t\t\t<div class=\"elementor-column elementor-col-100 elementor-inner-column elementor-element elementor-element-c29ea4b\" data-id=\"c29ea4b\" data-element_type=\"column\" data-e-type=\"column\">\n\t\t\t<div class=\"elementor-widget-wrap elementor-element-populated\">\n\t\t\t\t\t\t<div class=\"elementor-element elementor-element-8184948 elementor-widget elementor-widget-text-editor\" data-id=\"8184948\" data-element_type=\"widget\" data-e-type=\"widget\" data-widget_type=\"text-editor.default\">\n\t\t\t\t<div class=\"elementor-widget-container\">\n\t\t\t\t\t\t\t\t\t<p>En tant qu'\u00e9cole publique, Honor\u00e9 Mercier ne demande pas de frais de scolarit\u00e9 aux \u00e9l\u00e8ves et accueille gratuitement tous les enfants. Cependant, il existe divers frais suppl\u00e9mentaires pour les fournitures et l'encadrement en dehors des heures d'enseignement qui ne sont pas couverts par notre budget. Ces frais permettent \u00e0 Honor\u00e9 Mercier d'\u00e9largir son offre aux \u00e9l\u00e8ves et d'offrir une flexibilit\u00e9 suppl\u00e9mentaire aux parents qui travaillent.<\/p><p>Veuillez noter que des frais suppl\u00e9mentaires peuvent \u00eatre factur\u00e9s pour les excursions et autres activit\u00e9s se d\u00e9roulant pendant les heures de cours. Vous recevrez une notification de l'\u00e9cole avant que ces activit\u00e9s n'aient lieu.<\/p><p>Les frais non pay\u00e9s ou impay\u00e9s peuvent entra\u00eener l'exclusion de votre enfant des activit\u00e9s parascolaires, c'est pourquoi nous vous demandons de bien vouloir payer tous les frais le plus rapidement possible. Veuillez envoyer votre paiement, par ch\u00e8que (\u00e0 l'ordre de l'\u00e9cole primaire Honor\u00e9 Mercier) ou en esp\u00e8ces, avec votre enfant avant la date limite indiqu\u00e9e sur votre avis de frais scolaires.<\/p>\t\t\t\t\t\t\t\t<\/div>\n\t\t\t\t<\/div>\n\t\t\t\t<div class=\"elementor-element elementor-element-548acaa elementor-widget elementor-widget-button\" data-id=\"548acaa\" data-element_type=\"widget\" data-e-type=\"widget\" data-widget_type=\"button.default\">\n\t\t\t\t<div class=\"elementor-widget-container\">\n\t\t\t\t\t\t\t\t\t<div class=\"elementor-button-wrapper\">\n\t\t\t\t\t<a class=\"elementor-button elementor-button-link elementor-size-sm\" href=\"https:\/\/honoremercier.emsb.qc.ca\/wp-content\/uploads\/sites\/7\/2025\/06\/School-Fees-2025-2026-FINAL.pdf\">\n\t\t\t\t\t\t<span class=\"elementor-button-content-wrapper\">\n\t\t\t\t\t\t\t\t\t<span class=\"elementor-button-text\"> 2025-2026 Frais de scolarit\u00e9<\/span>\n\t\t\t\t\t<\/span>\n\t\t\t\t\t<\/a>\n\t\t\t\t<\/div>\n\t\t\t\t\t\t\t\t<\/div>\n\t\t\t\t<\/div>\n\t\t\t\t\t<\/div>\n\t\t<\/div>\n\t\t\t\t\t<\/div>\n\t\t<\/section>\n\t\t\t\t\t<\/div>\n\t\t<\/div>\n\t\t\t\t\t<\/div>\n\t\t<\/section>\n\t\t\t\t<\/div>","protected":false},"excerpt":{"rendered":"<p>School FEES As a public school, Honor\u00e9 Mercier does not charge any tuition fees to students and welcomes all children for free. However, they are various additional fees for consumables and supervision outside of teaching hours not covered by our budget. These fees allow Honor\u00e9 Mercier to broaden its offerings to students, and give additional [&hellip;]<\/p>\n","protected":false},"author":11,"featured_media":0,"parent":0,"menu_order":0,"comment_status":"closed","ping_status":"closed","template":"","meta":{"site-sidebar-layout":"no-sidebar","site-content-layout":"page-builder","ast-site-content-layout":"full-width-container","site-content-style":"unboxed","site-sidebar-style":"unboxed","ast-global-header-display":"","ast-banner-title-visibility":"","ast-main-header-display":"","ast-hfb-above-header-display":"","ast-hfb-below-header-display":"","ast-hfb-mobile-header-display":"","site-post-title":"disabled","ast-breadcrumbs-content":"","ast-featured-img":"disabled","footer-sml-layout":"","ast-disable-related-posts":"","theme-transparent-header-meta":"default","adv-header-id-meta":"","stick-header-meta":"","header-above-stick-meta":"","header-main-stick-meta":"","header-below-stick-meta":"","astra-migrate-meta-layouts":"set","ast-page-background-enabled":"default","ast-page-background-meta":{"desktop":{"background-color":"var(--ast-global-color-4)","background-image":"","background-repeat":"repeat","background-position":"center center","background-size":"auto","background-attachment":"scroll","background-type":"","background-media":"","overlay-type":"","overlay-color":"","overlay-opacity":"","overlay-gradient":""},"tablet":{"background-color":"","background-image":"","background-repeat":"repeat","background-position":"center center","background-size":"auto","background-attachment":"scroll","background-type":"","background-media":"","overlay-type":"","overlay-color":"","overlay-opacity":"","overlay-gradient":""},"mobile":{"background-color":"","background-image":"","background-repeat":"repeat","background-position":"center center","background-size":"auto","background-attachment":"scroll","background-type":"","background-media":"","overlay-type":"","overlay-color":"","overlay-opacity":"","overlay-gradient":""}},"ast-content-background-meta":{"desktop":{"background-color":"var(--ast-global-color-5)","background-image":"","background-repeat":"repeat","background-position":"center center","background-size":"auto","background-attachment":"scroll","background-type":"","background-media":"","overlay-type":"","overlay-color":"","overlay-opacity":"","overlay-gradient":""},"tablet":{"background-color":"var(--ast-global-color-5)","background-image":"","background-repeat":"repeat","background-position":"center center","background-size":"auto","background-attachment":"scroll","background-type":"","background-media":"","overlay-type":"","overlay-color":"","overlay-opacity":"","overlay-gradient":""},"mobile":{"background-color":"var(--ast-global-color-5)","background-image":"","background-repeat":"repeat","background-position":"center center","background-size":"auto","background-attachment":"scroll","background-type":"","background-media":"","overlay-type":"","overlay-color":"","overlay-opacity":"","overlay-gradient":""}},"footnotes":""},"class_list":["post-11313","page","type-page","status-publish","hentry"],"yoast_head":"<!-- This site is optimized with the Yoast SEO plugin v27.4 - https:\/\/yoast.com\/product\/yoast-seo-wordpress\/ -->\n<title>School Fees - Honor\u00e9 Mercier School<\/title>\n<meta name=\"robots\" content=\"index, follow, max-snippet:-1, max-image-preview:large, max-video-preview:-1\" \/>\n<link rel=\"canonical\" href=\"https:\/\/honoremercier.emsb.qc.ca\/fr\/school-fees\/\" \/>\n<meta property=\"og:locale\" content=\"fr_FR\" \/>\n<meta property=\"og:type\" content=\"article\" \/>\n<meta property=\"og:title\" content=\"School Fees - Honor\u00e9 Mercier School\" \/>\n<meta property=\"og:description\" content=\"School FEES As a public school, Honor\u00e9 Mercier does not charge any tuition fees to students and welcomes all children for free. However, they are various additional fees for consumables and supervision outside of teaching hours not covered by our budget. These fees allow Honor\u00e9 Mercier to broaden its offerings to students, and give additional [&hellip;]\" \/>\n<meta property=\"og:url\" content=\"https:\/\/honoremercier.emsb.qc.ca\/fr\/school-fees\/\" \/>\n<meta property=\"og:site_name\" content=\"Honor\u00e9 Mercier School\" \/>\n<meta property=\"article:modified_time\" content=\"2025-06-19T20:33:26+00:00\" \/>\n<meta property=\"og:image\" content=\"https:\/\/honoremercier.emsb.qc.ca\/wp-content\/uploads\/sites\/7\/2024\/04\/janko-ferlic-sfL_QOnmy00-unsplash123.jpg\" \/>\n\t<meta property=\"og:image:width\" content=\"1745\" \/>\n\t<meta property=\"og:image:height\" content=\"343\" \/>\n\t<meta property=\"og:image:type\" content=\"image\/jpeg\" \/>\n<meta name=\"twitter:card\" content=\"summary_large_image\" \/>\n<meta name=\"twitter:label1\" content=\"Dur\u00e9e de lecture estim\u00e9e\" \/>\n\t<meta name=\"twitter:data1\" content=\"1 minute\" \/>\n<script type=\"application\/ld+json\" class=\"yoast-schema-graph\">{\"@context\":\"https:\\\/\\\/schema.org\",\"@graph\":[{\"@type\":\"WebPage\",\"@id\":\"https:\\\/\\\/honoremercier.emsb.qc.ca\\\/school-fees\\\/\",\"url\":\"https:\\\/\\\/honoremercier.emsb.qc.ca\\\/school-fees\\\/\",\"name\":\"School Fees - Honor\u00e9 Mercier School\",\"isPartOf\":{\"@id\":\"https:\\\/\\\/honoremercier.emsb.qc.ca\\\/#website\"},\"primaryImageOfPage\":{\"@id\":\"https:\\\/\\\/honoremercier.emsb.qc.ca\\\/school-fees\\\/#primaryimage\"},\"image\":{\"@id\":\"https:\\\/\\\/honoremercier.emsb.qc.ca\\\/school-fees\\\/#primaryimage\"},\"thumbnailUrl\":\"https:\\\/\\\/honoremercier.emsb.qc.ca\\\/wp-content\\\/uploads\\\/sites\\\/7\\\/2024\\\/04\\\/janko-ferlic-sfL_QOnmy00-unsplash123-768x151.jpg\",\"datePublished\":\"2024-08-28T18:37:34+00:00\",\"dateModified\":\"2025-06-19T20:33:26+00:00\",\"breadcrumb\":{\"@id\":\"https:\\\/\\\/honoremercier.emsb.qc.ca\\\/school-fees\\\/#breadcrumb\"},\"inLanguage\":\"fr-FR\",\"potentialAction\":[{\"@type\":\"ReadAction\",\"target\":[\"https:\\\/\\\/honoremercier.emsb.qc.ca\\\/school-fees\\\/\"]}]},{\"@type\":\"ImageObject\",\"inLanguage\":\"fr-FR\",\"@id\":\"https:\\\/\\\/honoremercier.emsb.qc.ca\\\/school-fees\\\/#primaryimage\",\"url\":\"https:\\\/\\\/honoremercier.emsb.qc.ca\\\/wp-content\\\/uploads\\\/sites\\\/7\\\/2024\\\/04\\\/janko-ferlic-sfL_QOnmy00-unsplash123-768x151.jpg\",\"contentUrl\":\"https:\\\/\\\/honoremercier.emsb.qc.ca\\\/wp-content\\\/uploads\\\/sites\\\/7\\\/2024\\\/04\\\/janko-ferlic-sfL_QOnmy00-unsplash123-768x151.jpg\"},{\"@type\":\"BreadcrumbList\",\"@id\":\"https:\\\/\\\/honoremercier.emsb.qc.ca\\\/school-fees\\\/#breadcrumb\",\"itemListElement\":[{\"@type\":\"ListItem\",\"position\":1,\"name\":\"Home\",\"item\":\"https:\\\/\\\/honoremercier.emsb.qc.ca\\\/\"},{\"@type\":\"ListItem\",\"position\":2,\"name\":\"School Fees\"}]},{\"@type\":\"WebSite\",\"@id\":\"https:\\\/\\\/honoremercier.emsb.qc.ca\\\/#website\",\"url\":\"https:\\\/\\\/honoremercier.emsb.qc.ca\\\/\",\"name\":\"Honor\u00e9 Mercier School\",\"description\":\"Honor\u00e9 Mercier School\",\"publisher\":{\"@id\":\"https:\\\/\\\/honoremercier.emsb.qc.ca\\\/#organization\"},\"potentialAction\":[{\"@type\":\"SearchAction\",\"target\":{\"@type\":\"EntryPoint\",\"urlTemplate\":\"https:\\\/\\\/honoremercier.emsb.qc.ca\\\/?s={search_term_string}\"},\"query-input\":{\"@type\":\"PropertyValueSpecification\",\"valueRequired\":true,\"valueName\":\"search_term_string\"}}],\"inLanguage\":\"fr-FR\"},{\"@type\":\"Organization\",\"@id\":\"https:\\\/\\\/honoremercier.emsb.qc.ca\\\/#organization\",\"name\":\"Honor\u00e9 Mercier School\",\"url\":\"https:\\\/\\\/honoremercier.emsb.qc.ca\\\/\",\"logo\":{\"@type\":\"ImageObject\",\"inLanguage\":\"fr-FR\",\"@id\":\"https:\\\/\\\/honoremercier.emsb.qc.ca\\\/#\\\/schema\\\/logo\\\/image\\\/\",\"url\":\"https:\\\/\\\/honoremercier.emsb.qc.ca\\\/wp-content\\\/uploads\\\/sites\\\/7\\\/2024\\\/07\\\/Honore-Mercier-crest.png\",\"contentUrl\":\"https:\\\/\\\/honoremercier.emsb.qc.ca\\\/wp-content\\\/uploads\\\/sites\\\/7\\\/2024\\\/07\\\/Honore-Mercier-crest.png\",\"width\":1000,\"height\":909,\"caption\":\"Honor\u00e9 Mercier School\"},\"image\":{\"@id\":\"https:\\\/\\\/honoremercier.emsb.qc.ca\\\/#\\\/schema\\\/logo\\\/image\\\/\"}}]}<\/script>\n<!-- \/ Yoast SEO plugin. -->","yoast_head_json":{"title":"School Fees - Honor\u00e9 Mercier School","robots":{"index":"index","follow":"follow","max-snippet":"max-snippet:-1","max-image-preview":"max-image-preview:large","max-video-preview":"max-video-preview:-1"},"canonical":"https:\/\/honoremercier.emsb.qc.ca\/fr\/school-fees\/","og_locale":"fr_FR","og_type":"article","og_title":"School Fees - Honor\u00e9 Mercier School","og_description":"School FEES As a public school, Honor\u00e9 Mercier does not charge any tuition fees to students and welcomes all children for free. However, they are various additional fees for consumables and supervision outside of teaching hours not covered by our budget. These fees allow Honor\u00e9 Mercier to broaden its offerings to students, and give additional [&hellip;]","og_url":"https:\/\/honoremercier.emsb.qc.ca\/fr\/school-fees\/","og_site_name":"Honor\u00e9 Mercier School","article_modified_time":"2025-06-19T20:33:26+00:00","og_image":[{"width":1745,"height":343,"url":"https:\/\/honoremercier.emsb.qc.ca\/wp-content\/uploads\/sites\/7\/2024\/04\/janko-ferlic-sfL_QOnmy00-unsplash123.jpg","type":"image\/jpeg"}],"twitter_card":"summary_large_image","twitter_misc":{"Dur\u00e9e de lecture estim\u00e9e":"1 minute"},"schema":{"@context":"https:\/\/schema.org","@graph":[{"@type":"WebPage","@id":"https:\/\/honoremercier.emsb.qc.ca\/school-fees\/","url":"https:\/\/honoremercier.emsb.qc.ca\/school-fees\/","name":"School Fees - Honor\u00e9 Mercier School","isPartOf":{"@id":"https:\/\/honoremercier.emsb.qc.ca\/#website"},"primaryImageOfPage":{"@id":"https:\/\/honoremercier.emsb.qc.ca\/school-fees\/#primaryimage"},"image":{"@id":"https:\/\/honoremercier.emsb.qc.ca\/school-fees\/#primaryimage"},"thumbnailUrl":"https:\/\/honoremercier.emsb.qc.ca\/wp-content\/uploads\/sites\/7\/2024\/04\/janko-ferlic-sfL_QOnmy00-unsplash123-768x151.jpg","datePublished":"2024-08-28T18:37:34+00:00","dateModified":"2025-06-19T20:33:26+00:00","breadcrumb":{"@id":"https:\/\/honoremercier.emsb.qc.ca\/school-fees\/#breadcrumb"},"inLanguage":"fr-FR","potentialAction":[{"@type":"ReadAction","target":["https:\/\/honoremercier.emsb.qc.ca\/school-fees\/"]}]},{"@type":"ImageObject","inLanguage":"fr-FR","@id":"https:\/\/honoremercier.emsb.qc.ca\/school-fees\/#primaryimage","url":"https:\/\/honoremercier.emsb.qc.ca\/wp-content\/uploads\/sites\/7\/2024\/04\/janko-ferlic-sfL_QOnmy00-unsplash123-768x151.jpg","contentUrl":"https:\/\/honoremercier.emsb.qc.ca\/wp-content\/uploads\/sites\/7\/2024\/04\/janko-ferlic-sfL_QOnmy00-unsplash123-768x151.jpg"},{"@type":"BreadcrumbList","@id":"https:\/\/honoremercier.emsb.qc.ca\/school-fees\/#breadcrumb","itemListElement":[{"@type":"ListItem","position":1,"name":"Home","item":"https:\/\/honoremercier.emsb.qc.ca\/"},{"@type":"ListItem","position":2,"name":"School Fees"}]},{"@type":"WebSite","@id":"https:\/\/honoremercier.emsb.qc.ca\/#website","url":"https:\/\/honoremercier.emsb.qc.ca\/","name":"\u00c9cole Honor\u00e9 Mercier","description":"\u00c9cole Honor\u00e9 Mercier","publisher":{"@id":"https:\/\/honoremercier.emsb.qc.ca\/#organization"},"potentialAction":[{"@type":"SearchAction","target":{"@type":"EntryPoint","urlTemplate":"https:\/\/honoremercier.emsb.qc.ca\/?s={search_term_string}"},"query-input":{"@type":"PropertyValueSpecification","valueRequired":true,"valueName":"search_term_string"}}],"inLanguage":"fr-FR"},{"@type":"Organization","@id":"https:\/\/honoremercier.emsb.qc.ca\/#organization","name":"\u00c9cole Honor\u00e9 Mercier","url":"https:\/\/honoremercier.emsb.qc.ca\/","logo":{"@type":"ImageObject","inLanguage":"fr-FR","@id":"https:\/\/honoremercier.emsb.qc.ca\/#\/schema\/logo\/image\/","url":"https:\/\/honoremercier.emsb.qc.ca\/wp-content\/uploads\/sites\/7\/2024\/07\/Honore-Mercier-crest.png","contentUrl":"https:\/\/honoremercier.emsb.qc.ca\/wp-content\/uploads\/sites\/7\/2024\/07\/Honore-Mercier-crest.png","width":1000,"height":909,"caption":"Honor\u00e9 Mercier School"},"image":{"@id":"https:\/\/honoremercier.emsb.qc.ca\/#\/schema\/logo\/image\/"}}]}},"_links":{"self":[{"href":"https:\/\/honoremercier.emsb.qc.ca\/fr\/wp-json\/wp\/v2\/pages\/11313","targetHints":{"allow":["GET"]}}],"collection":[{"href":"https:\/\/honoremercier.emsb.qc.ca\/fr\/wp-json\/wp\/v2\/pages"}],"about":[{"href":"https:\/\/honoremercier.emsb.qc.ca\/fr\/wp-json\/wp\/v2\/types\/page"}],"author":[{"embeddable":true,"href":"https:\/\/honoremercier.emsb.qc.ca\/fr\/wp-json\/wp\/v2\/users\/11"}],"replies":[{"embeddable":true,"href":"https:\/\/honoremercier.emsb.qc.ca\/fr\/wp-json\/wp\/v2\/comments?post=11313"}],"version-history":[{"count":16,"href":"https:\/\/honoremercier.emsb.qc.ca\/fr\/wp-json\/wp\/v2\/pages\/11313\/revisions"}],"predecessor-version":[{"id":12630,"href":"https:\/\/honoremercier.emsb.qc.ca\/fr\/wp-json\/wp\/v2\/pages\/11313\/revisions\/12630"}],"wp:attachment":[{"href":"https:\/\/honoremercier.emsb.qc.ca\/fr\/wp-json\/wp\/v2\/media?parent=11313"}],"curies":[{"name":"wp","href":"https:\/\/api.w.org\/{rel}","templated":true}]}}