
{"id":11280,"date":"2024-08-28T13:33:51","date_gmt":"2024-08-28T17:33:51","guid":{"rendered":"https:\/\/honoremercier.emsbstaging.com\/?page_id=11280"},"modified":"2024-10-28T10:36:08","modified_gmt":"2024-10-28T14:36:08","slug":"principals-message-2","status":"publish","type":"page","link":"https:\/\/honoremercier.emsb.qc.ca\/fr\/principals-message-2\/","title":{"rendered":"Message de la direction"},"content":{"rendered":"<div data-elementor-type=\"wp-page\" data-elementor-id=\"11280\" class=\"elementor elementor-11280\" data-elementor-post-type=\"page\">\n\t\t\t\t\t\t<section class=\"elementor-section elementor-top-section elementor-element elementor-element-3195d8b6 elementor-section-full_width elementor-section-height-default elementor-section-height-default\" data-id=\"3195d8b6\" data-element_type=\"section\" data-e-type=\"section\" data-settings=\"{&quot;jet_parallax_layout_list&quot;:[]}\">\n\t\t\t\t\t\t<div class=\"elementor-container elementor-column-gap-default\">\n\t\t\t\t\t<div class=\"elementor-column elementor-col-100 elementor-top-column elementor-element elementor-element-2a06b17a\" data-id=\"2a06b17a\" data-element_type=\"column\" data-e-type=\"column\">\n\t\t\t<div class=\"elementor-widget-wrap elementor-element-populated\">\n\t\t\t\t\t\t<div class=\"elementor-element elementor-element-6c884ea0 elementor-widget elementor-widget-image\" data-id=\"6c884ea0\" data-element_type=\"widget\" data-e-type=\"widget\" data-widget_type=\"image.default\">\n\t\t\t\t<div class=\"elementor-widget-container\">\n\t\t\t\t\t\t\t\t\t\t\t\t\t\t\t<img fetchpriority=\"high\" decoding=\"async\" width=\"768\" height=\"151\" src=\"https:\/\/honoremercier.emsb.qc.ca\/wp-content\/uploads\/sites\/7\/2024\/04\/janko-ferlic-sfL_QOnmy00-unsplash123-768x151.jpg\" class=\"attachment-medium_large size-medium_large wp-image-9273\" alt=\"\" srcset=\"https:\/\/honoremercier.emsb.qc.ca\/wp-content\/uploads\/sites\/7\/2024\/04\/janko-ferlic-sfL_QOnmy00-unsplash123-768x151.jpg 768w, https:\/\/honoremercier.emsb.qc.ca\/wp-content\/uploads\/sites\/7\/2024\/04\/janko-ferlic-sfL_QOnmy00-unsplash123-300x59.jpg 300w, https:\/\/honoremercier.emsb.qc.ca\/wp-content\/uploads\/sites\/7\/2024\/04\/janko-ferlic-sfL_QOnmy00-unsplash123-1024x201.jpg 1024w, https:\/\/honoremercier.emsb.qc.ca\/wp-content\/uploads\/sites\/7\/2024\/04\/janko-ferlic-sfL_QOnmy00-unsplash123-1536x302.jpg 1536w, https:\/\/honoremercier.emsb.qc.ca\/wp-content\/uploads\/sites\/7\/2024\/04\/janko-ferlic-sfL_QOnmy00-unsplash123-18x4.jpg 18w, https:\/\/honoremercier.emsb.qc.ca\/wp-content\/uploads\/sites\/7\/2024\/04\/janko-ferlic-sfL_QOnmy00-unsplash123.jpg 1745w\" sizes=\"(max-width: 768px) 100vw, 768px\" \/>\t\t\t\t\t\t\t\t\t\t\t\t\t\t\t<\/div>\n\t\t\t\t<\/div>\n\t\t\t\t\t<\/div>\n\t\t<\/div>\n\t\t\t\t\t<\/div>\n\t\t<\/section>\n\t\t\t\t<section class=\"elementor-section elementor-top-section elementor-element elementor-element-11d4aed elementor-section-boxed elementor-section-height-default elementor-section-height-default\" data-id=\"11d4aed\" data-element_type=\"section\" data-e-type=\"section\" data-settings=\"{&quot;jet_parallax_layout_list&quot;:[]}\">\n\t\t\t\t\t\t<div class=\"elementor-container elementor-column-gap-default\">\n\t\t\t\t\t<div class=\"elementor-column elementor-col-100 elementor-top-column elementor-element elementor-element-b93f0d0\" data-id=\"b93f0d0\" data-element_type=\"column\" data-e-type=\"column\">\n\t\t\t<div class=\"elementor-widget-wrap elementor-element-populated\">\n\t\t\t\t\t\t<div class=\"elementor-element elementor-element-882a37e elementor-widget elementor-widget-spacer\" data-id=\"882a37e\" data-element_type=\"widget\" data-e-type=\"widget\" data-widget_type=\"spacer.default\">\n\t\t\t\t<div class=\"elementor-widget-container\">\n\t\t\t\t\t\t\t<div class=\"elementor-spacer\">\n\t\t\t<div class=\"elementor-spacer-inner\"><\/div>\n\t\t<\/div>\n\t\t\t\t\t\t<\/div>\n\t\t\t\t<\/div>\n\t\t\t\t\t<\/div>\n\t\t<\/div>\n\t\t\t\t\t<\/div>\n\t\t<\/section>\n\t\t\t\t<section class=\"elementor-section elementor-top-section elementor-element elementor-element-2293ab47 elementor-section-boxed elementor-section-height-default elementor-section-height-default\" data-id=\"2293ab47\" data-element_type=\"section\" data-e-type=\"section\" data-settings=\"{&quot;jet_parallax_layout_list&quot;:[]}\">\n\t\t\t\t\t\t<div class=\"elementor-container elementor-column-gap-no\">\n\t\t\t\t\t<div class=\"elementor-column elementor-col-100 elementor-top-column elementor-element elementor-element-1cee71d8\" data-id=\"1cee71d8\" data-element_type=\"column\" data-e-type=\"column\">\n\t\t\t<div class=\"elementor-widget-wrap elementor-element-populated\">\n\t\t\t\t\t\t<div class=\"elementor-element elementor-element-1c08fca elementor-widget__width-auto elementor-widget elementor-widget-heading\" data-id=\"1c08fca\" data-element_type=\"widget\" data-e-type=\"widget\" data-widget_type=\"heading.default\">\n\t\t\t\t<div class=\"elementor-widget-container\">\n\t\t\t\t\t<h2 class=\"elementor-heading-title elementor-size-default\">MESSAGE DE<\/h2>\t\t\t\t<\/div>\n\t\t\t\t<\/div>\n\t\t\t\t<div class=\"elementor-element elementor-element-69f05a2d elementor-widget__width-initial elementor-widget elementor-widget-heading\" data-id=\"69f05a2d\" data-element_type=\"widget\" data-e-type=\"widget\" data-widget_type=\"heading.default\">\n\t\t\t\t<div class=\"elementor-widget-container\">\n\t\t\t\t\t<h2 class=\"elementor-heading-title elementor-size-default\">LA DIRECTION<\/h2>\t\t\t\t<\/div>\n\t\t\t\t<\/div>\n\t\t\t\t\t<\/div>\n\t\t<\/div>\n\t\t\t\t\t<\/div>\n\t\t<\/section>\n\t\t\t\t<section class=\"elementor-section elementor-top-section elementor-element elementor-element-171354d elementor-section-boxed elementor-section-height-default elementor-section-height-default\" data-id=\"171354d\" data-element_type=\"section\" data-e-type=\"section\" data-settings=\"{&quot;jet_parallax_layout_list&quot;:[]}\">\n\t\t\t\t\t\t<div class=\"elementor-container elementor-column-gap-default\">\n\t\t\t\t\t<div class=\"elementor-column elementor-col-100 elementor-top-column elementor-element elementor-element-ad64d88\" data-id=\"ad64d88\" data-element_type=\"column\" data-e-type=\"column\">\n\t\t\t<div class=\"elementor-widget-wrap elementor-element-populated\">\n\t\t\t\t\t\t<section class=\"elementor-section elementor-inner-section elementor-element elementor-element-03d422a elementor-section-boxed elementor-section-height-default elementor-section-height-default\" data-id=\"03d422a\" data-element_type=\"section\" data-e-type=\"section\" data-settings=\"{&quot;jet_parallax_layout_list&quot;:[]}\">\n\t\t\t\t\t\t<div class=\"elementor-container elementor-column-gap-default\">\n\t\t\t\t\t<div class=\"elementor-column elementor-col-50 elementor-inner-column elementor-element elementor-element-2851add\" data-id=\"2851add\" data-element_type=\"column\" data-e-type=\"column\">\n\t\t\t<div class=\"elementor-widget-wrap elementor-element-populated\">\n\t\t\t\t\t\t<div class=\"elementor-element elementor-element-8184948 elementor-widget elementor-widget-text-editor\" data-id=\"8184948\" data-element_type=\"widget\" data-e-type=\"widget\" data-widget_type=\"text-editor.default\">\n\t\t\t\t<div class=\"elementor-widget-container\">\n\t\t\t\t\t\t\t\t\t<p><strong>Ch\u00e8res familles Honor\u00e9 Mercier,<\/strong><\/p><p>C'est avec beaucoup de fiert\u00e9 et d'enthousiasme que je vous accueille en tant que nouvelle directrice int\u00e9rimaire de l'\u00e9cole Honor\u00e9 Mercier. Je profite de l'occasion pour souhaiter la bienvenue \u00e0 toutes les familles de notre communaut\u00e9. C'est un v\u00e9ritable honneur de faire partie d'une \u00e9cole aussi solidaire et d\u00e9vou\u00e9e, et j'ai h\u00e2te de faire connaissance avec chacun d'entre vous, ainsi qu'avec vos enfants, au cours des jours et des semaines \u00e0 venir.<\/p><p>Je m'engage \u00e0 soutenir notre personnel exceptionnel et \u00e0 construire sur les succ\u00e8s qui ont fait d'Honor\u00e9 Mercier un lieu d'apprentissage merveilleux. Ensemble, nous veillerons \u00e0 ce que chaque \u00e9l\u00e8ve re\u00e7oive l'\u00e9ducation de qualit\u00e9 qu'il m\u00e9rite. Je suis \u00e9galement enthousiaste \u00e0 l'id\u00e9e d'encourager l'amour de l'apprentissage et d'inspirer nos \u00e9l\u00e8ves pour qu'ils atteignent leur plein potentiel.<\/p><p>Alors que nous entamons ensemble ce voyage, je vous invite \u00e0 nous rejoindre dans notre engagement commun en faveur de l'excellence, de l'innovation et de la compassion. Ensemble, nous formerons les futurs dirigeants de demain, en leur donnant les moyens d'avoir un impact positif sur le monde.<\/p><p>Respectueusement,<\/p><p>Mme Cynthia Canale<\/p>\t\t\t\t\t\t\t\t<\/div>\n\t\t\t\t<\/div>\n\t\t\t\t\t<\/div>\n\t\t<\/div>\n\t\t\t\t<div class=\"elementor-column elementor-col-50 elementor-inner-column elementor-element elementor-element-b894e38\" data-id=\"b894e38\" data-element_type=\"column\" data-e-type=\"column\">\n\t\t\t<div class=\"elementor-widget-wrap elementor-element-populated\">\n\t\t\t\t\t\t<div class=\"elementor-element elementor-element-ea3426c elementor-widget elementor-widget-image\" data-id=\"ea3426c\" data-element_type=\"widget\" data-e-type=\"widget\" data-widget_type=\"image.default\">\n\t\t\t\t<div class=\"elementor-widget-container\">\n\t\t\t\t\t\t\t\t\t\t\t\t\t\t\t<img decoding=\"async\" width=\"505\" height=\"777\" src=\"https:\/\/honoremercier.emsb.qc.ca\/wp-content\/uploads\/sites\/7\/2024\/10\/Canale-Cynthia.jpg\" class=\"attachment-large size-large wp-image-12021\" alt=\"\" srcset=\"https:\/\/honoremercier.emsb.qc.ca\/wp-content\/uploads\/sites\/7\/2024\/10\/Canale-Cynthia.jpg 505w, https:\/\/honoremercier.emsb.qc.ca\/wp-content\/uploads\/sites\/7\/2024\/10\/Canale-Cynthia-195x300.jpg 195w, https:\/\/honoremercier.emsb.qc.ca\/wp-content\/uploads\/sites\/7\/2024\/10\/Canale-Cynthia-8x12.jpg 8w\" sizes=\"(max-width: 505px) 100vw, 505px\" \/>\t\t\t\t\t\t\t\t\t\t\t\t\t\t\t<\/div>\n\t\t\t\t<\/div>\n\t\t\t\t<div class=\"elementor-element elementor-element-0edfffc elementor-widget elementor-widget-text-editor\" data-id=\"0edfffc\" data-element_type=\"widget\" data-e-type=\"widget\" data-widget_type=\"text-editor.default\">\n\t\t\t\t<div class=\"elementor-widget-container\">\n\t\t\t\t\t\t\t\t\t<p><strong>Cynthia <span class=\"outlook-search-highlight\" data-markjs=\"true\">Canal<\/span>e<\/strong><br \/><em>Directrice<\/em><\/p>\t\t\t\t\t\t\t\t<\/div>\n\t\t\t\t<\/div>\n\t\t\t\t\t<\/div>\n\t\t<\/div>\n\t\t\t\t\t<\/div>\n\t\t<\/section>\n\t\t\t\t\t<\/div>\n\t\t<\/div>\n\t\t\t\t\t<\/div>\n\t\t<\/section>\n\t\t\t\t<\/div>","protected":false},"excerpt":{"rendered":"<p>Principal\u2019s MESSAGE Dear Honor\u00e9 Mercier Families, It is with immense pride and excitement that I greet you as the new Interim Principal of Honor\u00e9 Mercier School. I want to take this opportunity to extend a heartfelt welcome to every family in our community. It is truly an honor to join such a supportive and dedicated [&hellip;]<\/p>\n","protected":false},"author":11,"featured_media":0,"parent":0,"menu_order":0,"comment_status":"closed","ping_status":"closed","template":"","meta":{"site-sidebar-layout":"no-sidebar","site-content-layout":"page-builder","ast-site-content-layout":"full-width-container","site-content-style":"unboxed","site-sidebar-style":"unboxed","ast-global-header-display":"","ast-banner-title-visibility":"","ast-main-header-display":"","ast-hfb-above-header-display":"","ast-hfb-below-header-display":"","ast-hfb-mobile-header-display":"","site-post-title":"disabled","ast-breadcrumbs-content":"","ast-featured-img":"disabled","footer-sml-layout":"","ast-disable-related-posts":"","theme-transparent-header-meta":"default","adv-header-id-meta":"","stick-header-meta":"","header-above-stick-meta":"","header-main-stick-meta":"","header-below-stick-meta":"","astra-migrate-meta-layouts":"set","ast-page-background-enabled":"default","ast-page-background-meta":{"desktop":{"background-color":"var(--ast-global-color-4)","background-image":"","background-repeat":"repeat","background-position":"center center","background-size":"auto","background-attachment":"scroll","background-type":"","background-media":"","overlay-type":"","overlay-color":"","overlay-opacity":"","overlay-gradient":""},"tablet":{"background-color":"","background-image":"","background-repeat":"repeat","background-position":"center center","background-size":"auto","background-attachment":"scroll","background-type":"","background-media":"","overlay-type":"","overlay-color":"","overlay-opacity":"","overlay-gradient":""},"mobile":{"background-color":"","background-image":"","background-repeat":"repeat","background-position":"center center","background-size":"auto","background-attachment":"scroll","background-type":"","background-media":"","overlay-type":"","overlay-color":"","overlay-opacity":"","overlay-gradient":""}},"ast-content-background-meta":{"desktop":{"background-color":"var(--ast-global-color-5)","background-image":"","background-repeat":"repeat","background-position":"center center","background-size":"auto","background-attachment":"scroll","background-type":"","background-media":"","overlay-type":"","overlay-color":"","overlay-opacity":"","overlay-gradient":""},"tablet":{"background-color":"var(--ast-global-color-5)","background-image":"","background-repeat":"repeat","background-position":"center center","background-size":"auto","background-attachment":"scroll","background-type":"","background-media":"","overlay-type":"","overlay-color":"","overlay-opacity":"","overlay-gradient":""},"mobile":{"background-color":"var(--ast-global-color-5)","background-image":"","background-repeat":"repeat","background-position":"center center","background-size":"auto","background-attachment":"scroll","background-type":"","background-media":"","overlay-type":"","overlay-color":"","overlay-opacity":"","overlay-gradient":""}},"footnotes":""},"class_list":["post-11280","page","type-page","status-publish","hentry"],"yoast_head":"<!-- This site is optimized with the Yoast SEO plugin v27.3 - https:\/\/yoast.com\/product\/yoast-seo-wordpress\/ -->\n<title>Principal\u2019s Message - Honor\u00e9 Mercier School<\/title>\n<meta name=\"robots\" content=\"index, follow, max-snippet:-1, max-image-preview:large, max-video-preview:-1\" \/>\n<link rel=\"canonical\" href=\"https:\/\/honoremercier.emsb.qc.ca\/fr\/principals-message-2\/\" \/>\n<meta property=\"og:locale\" content=\"fr_FR\" \/>\n<meta property=\"og:type\" content=\"article\" \/>\n<meta property=\"og:title\" content=\"Principal\u2019s Message - Honor\u00e9 Mercier School\" \/>\n<meta property=\"og:description\" content=\"Principal\u2019s MESSAGE Dear Honor\u00e9 Mercier Families, It is with immense pride and excitement that I greet you as the new Interim Principal of Honor\u00e9 Mercier School. I want to take this opportunity to extend a heartfelt welcome to every family in our community. It is truly an honor to join such a supportive and dedicated [&hellip;]\" \/>\n<meta property=\"og:url\" content=\"https:\/\/honoremercier.emsb.qc.ca\/fr\/principals-message-2\/\" \/>\n<meta property=\"og:site_name\" content=\"Honor\u00e9 Mercier School\" \/>\n<meta property=\"article:modified_time\" content=\"2024-10-28T14:36:08+00:00\" \/>\n<meta property=\"og:image\" content=\"https:\/\/honoremercier.emsb.qc.ca\/wp-content\/uploads\/sites\/7\/2024\/04\/janko-ferlic-sfL_QOnmy00-unsplash123-768x151.jpg\" \/>\n<meta name=\"twitter:card\" content=\"summary_large_image\" \/>\n<meta name=\"twitter:label1\" content=\"Dur\u00e9e de lecture estim\u00e9e\" \/>\n\t<meta name=\"twitter:data1\" content=\"1 minute\" \/>\n<script type=\"application\/ld+json\" class=\"yoast-schema-graph\">{\"@context\":\"https:\\\/\\\/schema.org\",\"@graph\":[{\"@type\":\"WebPage\",\"@id\":\"https:\\\/\\\/honoremercier.emsb.qc.ca\\\/principals-message-2\\\/\",\"url\":\"https:\\\/\\\/honoremercier.emsb.qc.ca\\\/principals-message-2\\\/\",\"name\":\"Principal\u2019s Message - Honor\u00e9 Mercier School\",\"isPartOf\":{\"@id\":\"https:\\\/\\\/honoremercier.emsb.qc.ca\\\/#website\"},\"primaryImageOfPage\":{\"@id\":\"https:\\\/\\\/honoremercier.emsb.qc.ca\\\/principals-message-2\\\/#primaryimage\"},\"image\":{\"@id\":\"https:\\\/\\\/honoremercier.emsb.qc.ca\\\/principals-message-2\\\/#primaryimage\"},\"thumbnailUrl\":\"https:\\\/\\\/honoremercier.emsb.qc.ca\\\/wp-content\\\/uploads\\\/sites\\\/7\\\/2024\\\/04\\\/janko-ferlic-sfL_QOnmy00-unsplash123-768x151.jpg\",\"datePublished\":\"2024-08-28T17:33:51+00:00\",\"dateModified\":\"2024-10-28T14:36:08+00:00\",\"breadcrumb\":{\"@id\":\"https:\\\/\\\/honoremercier.emsb.qc.ca\\\/principals-message-2\\\/#breadcrumb\"},\"inLanguage\":\"fr-FR\",\"potentialAction\":[{\"@type\":\"ReadAction\",\"target\":[\"https:\\\/\\\/honoremercier.emsb.qc.ca\\\/principals-message-2\\\/\"]}]},{\"@type\":\"ImageObject\",\"inLanguage\":\"fr-FR\",\"@id\":\"https:\\\/\\\/honoremercier.emsb.qc.ca\\\/principals-message-2\\\/#primaryimage\",\"url\":\"https:\\\/\\\/honoremercier.emsb.qc.ca\\\/wp-content\\\/uploads\\\/sites\\\/7\\\/2024\\\/04\\\/janko-ferlic-sfL_QOnmy00-unsplash123-768x151.jpg\",\"contentUrl\":\"https:\\\/\\\/honoremercier.emsb.qc.ca\\\/wp-content\\\/uploads\\\/sites\\\/7\\\/2024\\\/04\\\/janko-ferlic-sfL_QOnmy00-unsplash123-768x151.jpg\"},{\"@type\":\"BreadcrumbList\",\"@id\":\"https:\\\/\\\/honoremercier.emsb.qc.ca\\\/principals-message-2\\\/#breadcrumb\",\"itemListElement\":[{\"@type\":\"ListItem\",\"position\":1,\"name\":\"Home\",\"item\":\"https:\\\/\\\/honoremercier.emsb.qc.ca\\\/\"},{\"@type\":\"ListItem\",\"position\":2,\"name\":\"Principal\u2019s Message\"}]},{\"@type\":\"WebSite\",\"@id\":\"https:\\\/\\\/honoremercier.emsb.qc.ca\\\/#website\",\"url\":\"https:\\\/\\\/honoremercier.emsb.qc.ca\\\/\",\"name\":\"Honor\u00e9 Mercier School\",\"description\":\"Honor\u00e9 Mercier School\",\"publisher\":{\"@id\":\"https:\\\/\\\/honoremercier.emsb.qc.ca\\\/#organization\"},\"potentialAction\":[{\"@type\":\"SearchAction\",\"target\":{\"@type\":\"EntryPoint\",\"urlTemplate\":\"https:\\\/\\\/honoremercier.emsb.qc.ca\\\/?s={search_term_string}\"},\"query-input\":{\"@type\":\"PropertyValueSpecification\",\"valueRequired\":true,\"valueName\":\"search_term_string\"}}],\"inLanguage\":\"fr-FR\"},{\"@type\":\"Organization\",\"@id\":\"https:\\\/\\\/honoremercier.emsb.qc.ca\\\/#organization\",\"name\":\"Honor\u00e9 Mercier School\",\"url\":\"https:\\\/\\\/honoremercier.emsb.qc.ca\\\/\",\"logo\":{\"@type\":\"ImageObject\",\"inLanguage\":\"fr-FR\",\"@id\":\"https:\\\/\\\/honoremercier.emsb.qc.ca\\\/#\\\/schema\\\/logo\\\/image\\\/\",\"url\":\"https:\\\/\\\/honoremercier.emsb.qc.ca\\\/wp-content\\\/uploads\\\/sites\\\/7\\\/2024\\\/07\\\/Honore-Mercier-crest.png\",\"contentUrl\":\"https:\\\/\\\/honoremercier.emsb.qc.ca\\\/wp-content\\\/uploads\\\/sites\\\/7\\\/2024\\\/07\\\/Honore-Mercier-crest.png\",\"width\":1000,\"height\":909,\"caption\":\"Honor\u00e9 Mercier School\"},\"image\":{\"@id\":\"https:\\\/\\\/honoremercier.emsb.qc.ca\\\/#\\\/schema\\\/logo\\\/image\\\/\"}}]}<\/script>\n<!-- \/ Yoast SEO plugin. -->","yoast_head_json":{"title":"Principal\u2019s Message - Honor\u00e9 Mercier School","robots":{"index":"index","follow":"follow","max-snippet":"max-snippet:-1","max-image-preview":"max-image-preview:large","max-video-preview":"max-video-preview:-1"},"canonical":"https:\/\/honoremercier.emsb.qc.ca\/fr\/principals-message-2\/","og_locale":"fr_FR","og_type":"article","og_title":"Principal\u2019s Message - Honor\u00e9 Mercier School","og_description":"Principal\u2019s MESSAGE Dear Honor\u00e9 Mercier Families, It is with immense pride and excitement that I greet you as the new Interim Principal of Honor\u00e9 Mercier School. I want to take this opportunity to extend a heartfelt welcome to every family in our community. It is truly an honor to join such a supportive and dedicated [&hellip;]","og_url":"https:\/\/honoremercier.emsb.qc.ca\/fr\/principals-message-2\/","og_site_name":"Honor\u00e9 Mercier School","article_modified_time":"2024-10-28T14:36:08+00:00","og_image":[{"url":"https:\/\/honoremercier.emsb.qc.ca\/wp-content\/uploads\/sites\/7\/2024\/04\/janko-ferlic-sfL_QOnmy00-unsplash123-768x151.jpg","type":"","width":"","height":""}],"twitter_card":"summary_large_image","twitter_misc":{"Dur\u00e9e de lecture estim\u00e9e":"1 minute"},"schema":{"@context":"https:\/\/schema.org","@graph":[{"@type":"WebPage","@id":"https:\/\/honoremercier.emsb.qc.ca\/principals-message-2\/","url":"https:\/\/honoremercier.emsb.qc.ca\/principals-message-2\/","name":"Principal\u2019s Message - Honor\u00e9 Mercier School","isPartOf":{"@id":"https:\/\/honoremercier.emsb.qc.ca\/#website"},"primaryImageOfPage":{"@id":"https:\/\/honoremercier.emsb.qc.ca\/principals-message-2\/#primaryimage"},"image":{"@id":"https:\/\/honoremercier.emsb.qc.ca\/principals-message-2\/#primaryimage"},"thumbnailUrl":"https:\/\/honoremercier.emsb.qc.ca\/wp-content\/uploads\/sites\/7\/2024\/04\/janko-ferlic-sfL_QOnmy00-unsplash123-768x151.jpg","datePublished":"2024-08-28T17:33:51+00:00","dateModified":"2024-10-28T14:36:08+00:00","breadcrumb":{"@id":"https:\/\/honoremercier.emsb.qc.ca\/principals-message-2\/#breadcrumb"},"inLanguage":"fr-FR","potentialAction":[{"@type":"ReadAction","target":["https:\/\/honoremercier.emsb.qc.ca\/principals-message-2\/"]}]},{"@type":"ImageObject","inLanguage":"fr-FR","@id":"https:\/\/honoremercier.emsb.qc.ca\/principals-message-2\/#primaryimage","url":"https:\/\/honoremercier.emsb.qc.ca\/wp-content\/uploads\/sites\/7\/2024\/04\/janko-ferlic-sfL_QOnmy00-unsplash123-768x151.jpg","contentUrl":"https:\/\/honoremercier.emsb.qc.ca\/wp-content\/uploads\/sites\/7\/2024\/04\/janko-ferlic-sfL_QOnmy00-unsplash123-768x151.jpg"},{"@type":"BreadcrumbList","@id":"https:\/\/honoremercier.emsb.qc.ca\/principals-message-2\/#breadcrumb","itemListElement":[{"@type":"ListItem","position":1,"name":"Home","item":"https:\/\/honoremercier.emsb.qc.ca\/"},{"@type":"ListItem","position":2,"name":"Principal\u2019s Message"}]},{"@type":"WebSite","@id":"https:\/\/honoremercier.emsb.qc.ca\/#website","url":"https:\/\/honoremercier.emsb.qc.ca\/","name":"\u00c9cole Honor\u00e9 Mercier","description":"\u00c9cole Honor\u00e9 Mercier","publisher":{"@id":"https:\/\/honoremercier.emsb.qc.ca\/#organization"},"potentialAction":[{"@type":"SearchAction","target":{"@type":"EntryPoint","urlTemplate":"https:\/\/honoremercier.emsb.qc.ca\/?s={search_term_string}"},"query-input":{"@type":"PropertyValueSpecification","valueRequired":true,"valueName":"search_term_string"}}],"inLanguage":"fr-FR"},{"@type":"Organization","@id":"https:\/\/honoremercier.emsb.qc.ca\/#organization","name":"\u00c9cole Honor\u00e9 Mercier","url":"https:\/\/honoremercier.emsb.qc.ca\/","logo":{"@type":"ImageObject","inLanguage":"fr-FR","@id":"https:\/\/honoremercier.emsb.qc.ca\/#\/schema\/logo\/image\/","url":"https:\/\/honoremercier.emsb.qc.ca\/wp-content\/uploads\/sites\/7\/2024\/07\/Honore-Mercier-crest.png","contentUrl":"https:\/\/honoremercier.emsb.qc.ca\/wp-content\/uploads\/sites\/7\/2024\/07\/Honore-Mercier-crest.png","width":1000,"height":909,"caption":"Honor\u00e9 Mercier School"},"image":{"@id":"https:\/\/honoremercier.emsb.qc.ca\/#\/schema\/logo\/image\/"}}]}},"_links":{"self":[{"href":"https:\/\/honoremercier.emsb.qc.ca\/fr\/wp-json\/wp\/v2\/pages\/11280","targetHints":{"allow":["GET"]}}],"collection":[{"href":"https:\/\/honoremercier.emsb.qc.ca\/fr\/wp-json\/wp\/v2\/pages"}],"about":[{"href":"https:\/\/honoremercier.emsb.qc.ca\/fr\/wp-json\/wp\/v2\/types\/page"}],"author":[{"embeddable":true,"href":"https:\/\/honoremercier.emsb.qc.ca\/fr\/wp-json\/wp\/v2\/users\/11"}],"replies":[{"embeddable":true,"href":"https:\/\/honoremercier.emsb.qc.ca\/fr\/wp-json\/wp\/v2\/comments?post=11280"}],"version-history":[{"count":35,"href":"https:\/\/honoremercier.emsb.qc.ca\/fr\/wp-json\/wp\/v2\/pages\/11280\/revisions"}],"predecessor-version":[{"id":12030,"href":"https:\/\/honoremercier.emsb.qc.ca\/fr\/wp-json\/wp\/v2\/pages\/11280\/revisions\/12030"}],"wp:attachment":[{"href":"https:\/\/honoremercier.emsb.qc.ca\/fr\/wp-json\/wp\/v2\/media?parent=11280"}],"curies":[{"name":"wp","href":"https:\/\/api.w.org\/{rel}","templated":true}]}}